{"id":89695,"date":"2018-10-02T05:22:27","date_gmt":"2018-10-02T05:22:27","guid":{"rendered":"https:\/\/ded9.com\/gizlilik-politikasi\/"},"modified":"2023-02-25T12:55:14","modified_gmt":"2023-02-25T12:55:14","slug":"gizlilik-politikasi","status":"publish","type":"page","link":"https:\/\/ded9.com\/tr\/gizlilik-politikasi\/","title":{"rendered":"Gizlilik Politikas\u0131"},"content":{"rendered":"\t\t<div data-elementor-type=\"wp-post\" data-elementor-id=\"89695\" class=\"elementor elementor-89695 elementor-3\" data-elementor-settings=\"{&quot;element_pack_global_tooltip_width&quot;:{&quot;unit&quot;:&quot;px&quot;,&quot;size&quot;:&quot;&quot;,&quot;sizes&quot;:[]},&quot;element_pack_global_tooltip_width_tablet&quot;:{&quot;unit&quot;:&quot;px&quot;,&quot;size&quot;:&quot;&quot;,&quot;sizes&quot;:[]},&quot;element_pack_global_tooltip_width_mobile&quot;:{&quot;unit&quot;:&quot;px&quot;,&quot;size&quot;:&quot;&quot;,&quot;sizes&quot;:[]},&quot;element_pack_global_tooltip_padding&quot;:{&quot;unit&quot;:&quot;px&quot;,&quot;top&quot;:&quot;&quot;,&quot;right&quot;:&quot;&quot;,&quot;bottom&quot;:&quot;&quot;,&quot;left&quot;:&quot;&quot;,&quot;isLinked&quot;:true},&quot;element_pack_global_tooltip_padding_tablet&quot;:{&quot;unit&quot;:&quot;px&quot;,&quot;top&quot;:&quot;&quot;,&quot;right&quot;:&quot;&quot;,&quot;bottom&quot;:&quot;&quot;,&quot;left&quot;:&quot;&quot;,&quot;isLinked&quot;:true},&quot;element_pack_global_tooltip_padding_mobile&quot;:{&quot;unit&quot;:&quot;px&quot;,&quot;top&quot;:&quot;&quot;,&quot;right&quot;:&quot;&quot;,&quot;bottom&quot;:&quot;&quot;,&quot;left&quot;:&quot;&quot;,&quot;isLinked&quot;:true},&quot;element_pack_global_tooltip_border_radius&quot;:{&quot;unit&quot;:&quot;px&quot;,&quot;top&quot;:&quot;&quot;,&quot;right&quot;:&quot;&quot;,&quot;bottom&quot;:&quot;&quot;,&quot;left&quot;:&quot;&quot;,&quot;isLinked&quot;:true},&quot;element_pack_global_tooltip_border_radius_tablet&quot;:{&quot;unit&quot;:&quot;px&quot;,&quot;top&quot;:&quot;&quot;,&quot;right&quot;:&quot;&quot;,&quot;bottom&quot;:&quot;&quot;,&quot;left&quot;:&quot;&quot;,&quot;isLinked&quot;:true},&quot;element_pack_global_tooltip_border_radius_mobile&quot;:{&quot;unit&quot;:&quot;px&quot;,&quot;top&quot;:&quot;&quot;,&quot;right&quot;:&quot;&quot;,&quot;bottom&quot;:&quot;&quot;,&quot;left&quot;:&quot;&quot;,&quot;isLinked&quot;:true}}\" data-elementor-post-type=\"page\">\n\t\t\t\t\t\t<section class=\"elementor-section elementor-top-section elementor-element elementor-element-4b2c2278 elementor-section-boxed elementor-section-height-default elementor-section-height-default\" data-id=\"4b2c2278\" data-element_type=\"section\">\n\t\t\t\t\t\t<div class=\"elementor-container elementor-column-gap-default\">\n\t\t\t\t\t<div class=\"elementor-column elementor-col-100 elementor-top-column elementor-element elementor-element-18089019\" data-id=\"18089019\" data-element_type=\"column\">\n\t\t\t<div class=\"elementor-widget-wrap elementor-element-populated\">\n\t\t\t\t\t\t<div class=\"elementor-element elementor-element-394e3c3d elementor-widget elementor-widget-text-editor\" data-id=\"394e3c3d\" data-element_type=\"widget\" data-widget_type=\"text-editor.default\">\n\t\t\t\t<div class=\"elementor-widget-container\">\n\t\t\t\t\t\t\t\t\t<p>Ded9&#8217;da gizlili\u011finiz bizim i\u00e7in \u00e7ok \u00f6nemlidir M\u00fc\u015fterilerimizi takdir ediyor ve haklar\u0131n\u0131z\u0131 koruman\u0131n de\u011ferini anl\u0131yoruz.<\/p>\n<p>Ded9.com&#8217;da bir sat\u0131n alma i\u015flemi yapt\u0131\u011f\u0131n\u0131zda, sipari\u015finizi yerine getirmek ve takip etmek i\u00e7in ad\u0131n\u0131z\u0131, adresinizi, telefon numaran\u0131z\u0131, e-posta adresinizi ve di\u011fer ki\u015fisel bilgilerinizi isteriz. Faturaland\u0131rma amac\u0131yla, kart i\u00e7in kredi kart\u0131 tipinizi, numaran\u0131z\u0131, son kullanma tarihini ve fatura adresinizi vermeniz gerekecektir.<\/p>\n<p>Ayr\u0131ca, e-posta adresinizi vererek ve benzersiz bir eri\u015fim \u015fifresi belirleyerek istedi\u011finiz zaman Ded9.com \u00fczerinden bir hesap olu\u015fturabilirsiniz. Sitemizi ziyaret etmek veya Ded9.com \u00fczerinden sipari\u015f vermek i\u00e7in hesap olu\u015fturman\u0131za gerek yoktur. Bir hesap olu\u015fturmak, sipari\u015flerinizin durumunu takip edebilmeniz ve sipari\u015f tercihlerinizi ayarlayabilmeniz i\u00e7in belirli fatura bilgilerini kaydetmenize olanak tan\u0131r. Gizlili\u011finiz ve g\u00fcvenli\u011finiz i\u00e7in kredi kart\u0131 numaralar\u0131n\u0131z\u0131 hesab\u0131n\u0131zda saklam\u0131yoruz.<\/p>\t\t\t\t\t\t\t\t<\/div>\n\t\t\t\t<\/div>\n\t\t\t\t\t<\/div>\n\t\t<\/div>\n\t\t\t\t\t<\/div>\n\t\t<\/section>\n\t\t\t\t<\/div>\n\t\t","protected":false},"excerpt":{"rendered":"<p>Ded9&#8217;da gizlili\u011finiz bizim i\u00e7in \u00e7ok \u00f6nemlidir M\u00fc\u015fterilerimizi takdir ediyor ve haklar\u0131n\u0131z\u0131 koruman\u0131n de\u011ferini anl\u0131yoruz. Ded9.com&#8217;da bir sat\u0131n alma i\u015flemi yapt\u0131\u011f\u0131n\u0131zda, sipari\u015finizi yerine getirmek ve takip etmek i\u00e7in ad\u0131n\u0131z\u0131, adresinizi, telefon numaran\u0131z\u0131, e-posta adresinizi ve di\u011fer ki\u015fisel bilgilerinizi isteriz. Faturaland\u0131rma amac\u0131yla, kart i\u00e7in kredi kart\u0131 tipinizi, numaran\u0131z\u0131, son kullanma tarihini ve fatura adresinizi vermeniz gerekecektir. Ayr\u0131ca, [&hellip;]<\/p>\n","protected":false},"author":1,"featured_media":0,"parent":0,"menu_order":0,"comment_status":"closed","ping_status":"closed","template":"template\/template-full-width.php","meta":{"_acf_changed":false,"footnotes":""},"class_list":["post-89695","page","type-page","status-publish","hentry"],"acf":[],"amp_enabled":false,"_links":{"self":[{"href":"https:\/\/ded9.com\/tr\/wp-json\/wp\/v2\/pages\/89695","targetHints":{"allow":["GET"]}}],"collection":[{"href":"https:\/\/ded9.com\/tr\/wp-json\/wp\/v2\/pages"}],"about":[{"href":"https:\/\/ded9.com\/tr\/wp-json\/wp\/v2\/types\/page"}],"author":[{"embeddable":true,"href":"https:\/\/ded9.com\/tr\/wp-json\/wp\/v2\/users\/1"}],"replies":[{"embeddable":true,"href":"https:\/\/ded9.com\/tr\/wp-json\/wp\/v2\/comments?post=89695"}],"version-history":[{"count":0,"href":"https:\/\/ded9.com\/tr\/wp-json\/wp\/v2\/pages\/89695\/revisions"}],"wp:attachment":[{"href":"https:\/\/ded9.com\/tr\/wp-json\/wp\/v2\/media?parent=89695"}],"curies":[{"name":"wp","href":"https:\/\/api.w.org\/{rel}","templated":true}]}}