{"id":179446,"date":"2023-07-31T13:45:55","date_gmt":"2023-07-31T13:45:55","guid":{"rendered":"https:\/\/ded9.com\/?page_id=179446"},"modified":"2024-02-13T17:35:48","modified_gmt":"2024-02-13T17:35:48","slug":"site-kurallari","status":"publish","type":"page","link":"https:\/\/ded9.com\/tr\/site-kurallari\/","title":{"rendered":"Site Kurallar\u0131"},"content":{"rendered":"\t\t<div data-elementor-type=\"wp-page\" data-elementor-id=\"179446\" class=\"elementor elementor-179446\" data-elementor-settings=\"{&quot;element_pack_global_tooltip_width&quot;:{&quot;unit&quot;:&quot;px&quot;,&quot;size&quot;:&quot;&quot;,&quot;sizes&quot;:[]},&quot;element_pack_global_tooltip_width_tablet&quot;:{&quot;unit&quot;:&quot;px&quot;,&quot;size&quot;:&quot;&quot;,&quot;sizes&quot;:[]},&quot;element_pack_global_tooltip_width_mobile&quot;:{&quot;unit&quot;:&quot;px&quot;,&quot;size&quot;:&quot;&quot;,&quot;sizes&quot;:[]},&quot;element_pack_global_tooltip_padding&quot;:{&quot;unit&quot;:&quot;px&quot;,&quot;top&quot;:&quot;&quot;,&quot;right&quot;:&quot;&quot;,&quot;bottom&quot;:&quot;&quot;,&quot;left&quot;:&quot;&quot;,&quot;isLinked&quot;:true},&quot;element_pack_global_tooltip_padding_tablet&quot;:{&quot;unit&quot;:&quot;px&quot;,&quot;top&quot;:&quot;&quot;,&quot;right&quot;:&quot;&quot;,&quot;bottom&quot;:&quot;&quot;,&quot;left&quot;:&quot;&quot;,&quot;isLinked&quot;:true},&quot;element_pack_global_tooltip_padding_mobile&quot;:{&quot;unit&quot;:&quot;px&quot;,&quot;top&quot;:&quot;&quot;,&quot;right&quot;:&quot;&quot;,&quot;bottom&quot;:&quot;&quot;,&quot;left&quot;:&quot;&quot;,&quot;isLinked&quot;:true},&quot;element_pack_global_tooltip_border_radius&quot;:{&quot;unit&quot;:&quot;px&quot;,&quot;top&quot;:&quot;&quot;,&quot;right&quot;:&quot;&quot;,&quot;bottom&quot;:&quot;&quot;,&quot;left&quot;:&quot;&quot;,&quot;isLinked&quot;:true},&quot;element_pack_global_tooltip_border_radius_tablet&quot;:{&quot;unit&quot;:&quot;px&quot;,&quot;top&quot;:&quot;&quot;,&quot;right&quot;:&quot;&quot;,&quot;bottom&quot;:&quot;&quot;,&quot;left&quot;:&quot;&quot;,&quot;isLinked&quot;:true},&quot;element_pack_global_tooltip_border_radius_mobile&quot;:{&quot;unit&quot;:&quot;px&quot;,&quot;top&quot;:&quot;&quot;,&quot;right&quot;:&quot;&quot;,&quot;bottom&quot;:&quot;&quot;,&quot;left&quot;:&quot;&quot;,&quot;isLinked&quot;:true}}\" data-elementor-post-type=\"page\">\n\t\t\t\t<div class=\"elementor-element elementor-element-742fae25 e-flex e-con-boxed e-con e-parent\" data-id=\"742fae25\" data-element_type=\"container\">\n\t\t\t\t\t<div class=\"e-con-inner\">\n\t\t\t\t<div class=\"elementor-element elementor-element-47a15e36 elementor-widget elementor-widget-text-editor\" data-id=\"47a15e36\" data-element_type=\"widget\" data-widget_type=\"text-editor.default\">\n\t\t\t\t<div class=\"elementor-widget-container\">\n\t\t\t\t\t\t\t\t\tDed9 taraf\u0131ndan belirlenen h\u00fck\u00fcm ve ko\u015fullar t\u00fcm kullan\u0131c\u0131lar ve acenteler i\u00e7in ge\u00e7erlidir ve bu hizmet h\u00fck\u00fcm ve ko\u015fullar\u0131na uyulmamas\u0131 durumunda kullan\u0131c\u0131 hesab\u0131 geri \u00f6deme yap\u0131lmaks\u0131z\u0131n iptal edilecektir.\r\n<h3>Sanal sunucular<\/h3>\r\nSanal sunuculara toplu e-posta hizmetleri, hack yaz\u0131l\u0131mlar\u0131, DDoS, VPN ve proxy sald\u0131r\u0131lar\u0131 ve di\u011fer IP&#8217;lerin yasa d\u0131\u015f\u0131 kullan\u0131m\u0131 y\u00fcklendi\u011finde kullan\u0131c\u0131 hizmeti durdurulacakt\u0131r. Kullan\u0131c\u0131, Ded9.com&#8217;a verdi\u011fi zarar\u0131 tazmin etmekle y\u00fck\u00fcml\u00fcd\u00fcr.\r\nDed9, sanal sunucular\u0131n y\u00f6netimi konusunda herhangi bir sorumluluk kabul etmez. Gerekirse destek personeli, kullan\u0131c\u0131n\u0131n sorumlulu\u011funda olan sanal sunucu i\u00e7in k\u0131smi veya ayl\u0131k bak\u0131m \u00fccreti alabilir.\r\n\r\nZaman\u0131nda \u00f6denmeyen hizmetler 24 saat sonra ask\u0131ya al\u0131n\u0131r ve be\u015f g\u00fcn sonra silinir.\r\nT\u00fcm sanal sunucularda yedek depolama alan\u0131 olabilir, ancak yedeklerin olu\u015fturulmas\u0131ndan ve kullan\u0131lmas\u0131ndan kullan\u0131c\u0131 sorumludur.\r\nBir sald\u0131r\u0131 durumunda, hizmet a\u011f\u0131na uyar\u0131 yap\u0131lmadan ula\u015f\u0131lamaz olacak ve i\u00e7 ve d\u0131\u015f sunucularda DOS ve sald\u0131r\u0131 raporlar\u0131 olsa bile, veri ve y\u00fck\u00fcml\u00fcl\u00fcklerin yedeklenmesi ve kurtar\u0131lmas\u0131 imkans\u0131z olacakt\u0131r. Durumun tamam\u0131ndan kusurlu kullan\u0131c\u0131 sorumlu olacak ve zarar\u0131n adli makamlarca takibi yap\u0131lacakt\u0131r.\r\n<h3>Para iade garantisi<\/h3>\r\nDed9 hizmetleri i\u00e7in yat\u0131r\u0131lan tutar\u0131n iadesi, taraf\u0131m\u0131zdan bir sorun olmas\u0131 ve ikna edici bir nedeni olmas\u0131 ve hizmetin teslim tarihinden itibaren 72 saati ge\u00e7memi\u015f olmas\u0131 durumunda yap\u0131labilir.\r\n\u0130stenilen tutar 4 ile 7 i\u015f g\u00fcn\u00fc aras\u0131nda kullan\u0131c\u0131n\u0131n hesab\u0131na yat\u0131r\u0131lacakt\u0131r. \u0130ade edilen tutarlar\u0131n banka kesintileri d\u00fc\u015f\u00fcld\u00fckten sonra \u00f6denece\u011fini unutmay\u0131n.\r\n<h3>Destek<\/h3>\r\nDestek, \u00e7evrimi\u00e7i sohbet ve bilet g\u00f6nderme sistemi arac\u0131l\u0131\u011f\u0131yla sa\u011flan\u0131r\r\nDestek, kullan\u0131c\u0131 hizmetlerinin y\u00f6netimi anlam\u0131na gelmeyecek olup, yaln\u0131zca hizmetlerin kullan\u0131lamamas\u0131 veya benzeri durumlarda sorumluluk Ded9&#8217;a ait olacakt\u0131r.\r\n<h3>kurallar\u0131 kabul etmek<\/h3>\r\nAl\u0131c\u0131, fatura tutar\u0131n\u0131 \u00f6deyerek veya firman\u0131n internet sitesine girerek firma kurallar\u0131n\u0131 kabul etmi\u015f olur ve al\u0131c\u0131dan imza al\u0131nmas\u0131na gerek kalmaz.\r\n<h3>Sorumlulu\u011fun kald\u0131r\u0131lmas\u0131<\/h3>\r\nDed9 firmas\u0131n\u0131n aboneler taraf\u0131ndan yay\u0131nlanan bilgilerle ilgili herhangi bir sorumlulu\u011fu yoktur; bu nedenle ihtiya\u00e7 halinde Ded9 \u015firketi hizmetlerinden yararlanmak abonenin sorumlulu\u011fundad\u0131r.\t\t\t\t\t\t\t\t<\/div>\n\t\t\t\t<\/div>\n\t\t\t\t\t<\/div>\n\t\t\t\t<\/div>\n\t\t\t\t<\/div>\n\t\t","protected":false},"excerpt":{"rendered":"<p>Ded9 taraf\u0131ndan belirlenen h\u00fck\u00fcm ve ko\u015fullar t\u00fcm kullan\u0131c\u0131lar ve acenteler i\u00e7in ge\u00e7erlidir ve bu hizmet h\u00fck\u00fcm ve ko\u015fullar\u0131na uyulmamas\u0131 durumunda kullan\u0131c\u0131 hesab\u0131 geri \u00f6deme yap\u0131lmaks\u0131z\u0131n iptal edilecektir. Sanal sunucular Sanal sunuculara toplu e-posta hizmetleri, hack yaz\u0131l\u0131mlar\u0131, DDoS, VPN ve proxy sald\u0131r\u0131lar\u0131 ve di\u011fer IP&#8217;lerin yasa d\u0131\u015f\u0131 kullan\u0131m\u0131 y\u00fcklendi\u011finde kullan\u0131c\u0131 hizmeti durdurulacakt\u0131r. Kullan\u0131c\u0131, Ded9.com&#8217;a verdi\u011fi zarar\u0131 [&hellip;]<\/p>\n","protected":false},"author":2,"featured_media":0,"parent":0,"menu_order":0,"comment_status":"closed","ping_status":"closed","template":"template\/template-full-width.php","meta":{"_acf_changed":false,"footnotes":""},"class_list":["post-179446","page","type-page","status-publish","hentry"],"acf":[],"amp_enabled":false,"_links":{"self":[{"href":"https:\/\/ded9.com\/tr\/wp-json\/wp\/v2\/pages\/179446","targetHints":{"allow":["GET"]}}],"collection":[{"href":"https:\/\/ded9.com\/tr\/wp-json\/wp\/v2\/pages"}],"about":[{"href":"https:\/\/ded9.com\/tr\/wp-json\/wp\/v2\/types\/page"}],"author":[{"embeddable":true,"href":"https:\/\/ded9.com\/tr\/wp-json\/wp\/v2\/users\/2"}],"replies":[{"embeddable":true,"href":"https:\/\/ded9.com\/tr\/wp-json\/wp\/v2\/comments?post=179446"}],"version-history":[{"count":0,"href":"https:\/\/ded9.com\/tr\/wp-json\/wp\/v2\/pages\/179446\/revisions"}],"wp:attachment":[{"href":"https:\/\/ded9.com\/tr\/wp-json\/wp\/v2\/media?parent=179446"}],"curies":[{"name":"wp","href":"https:\/\/api.w.org\/{rel}","templated":true}]}}