{"id":141784,"date":"2018-10-02T06:57:23","date_gmt":"2018-10-02T06:57:23","guid":{"rendered":"https:\/\/ded9.com\/temas-etmek\/"},"modified":"2023-02-23T13:50:32","modified_gmt":"2023-02-23T13:50:32","slug":"temas-etmek","status":"publish","type":"page","link":"https:\/\/ded9.com\/tr\/temas-etmek\/","title":{"rendered":"Temas etmek"},"content":{"rendered":"\t\t<div data-elementor-type=\"wp-post\" data-elementor-id=\"141784\" class=\"elementor elementor-141784 elementor-38 elementor-bc-flex-widget\" data-elementor-settings=\"{&quot;element_pack_global_tooltip_width&quot;:{&quot;unit&quot;:&quot;px&quot;,&quot;size&quot;:&quot;&quot;,&quot;sizes&quot;:[]},&quot;element_pack_global_tooltip_width_tablet&quot;:{&quot;unit&quot;:&quot;px&quot;,&quot;size&quot;:&quot;&quot;,&quot;sizes&quot;:[]},&quot;element_pack_global_tooltip_width_mobile&quot;:{&quot;unit&quot;:&quot;px&quot;,&quot;size&quot;:&quot;&quot;,&quot;sizes&quot;:[]},&quot;element_pack_global_tooltip_padding&quot;:{&quot;unit&quot;:&quot;px&quot;,&quot;top&quot;:&quot;&quot;,&quot;right&quot;:&quot;&quot;,&quot;bottom&quot;:&quot;&quot;,&quot;left&quot;:&quot;&quot;,&quot;isLinked&quot;:true},&quot;element_pack_global_tooltip_padding_tablet&quot;:{&quot;unit&quot;:&quot;px&quot;,&quot;top&quot;:&quot;&quot;,&quot;right&quot;:&quot;&quot;,&quot;bottom&quot;:&quot;&quot;,&quot;left&quot;:&quot;&quot;,&quot;isLinked&quot;:true},&quot;element_pack_global_tooltip_padding_mobile&quot;:{&quot;unit&quot;:&quot;px&quot;,&quot;top&quot;:&quot;&quot;,&quot;right&quot;:&quot;&quot;,&quot;bottom&quot;:&quot;&quot;,&quot;left&quot;:&quot;&quot;,&quot;isLinked&quot;:true},&quot;element_pack_global_tooltip_border_radius&quot;:{&quot;unit&quot;:&quot;px&quot;,&quot;top&quot;:&quot;&quot;,&quot;right&quot;:&quot;&quot;,&quot;bottom&quot;:&quot;&quot;,&quot;left&quot;:&quot;&quot;,&quot;isLinked&quot;:true},&quot;element_pack_global_tooltip_border_radius_tablet&quot;:{&quot;unit&quot;:&quot;px&quot;,&quot;top&quot;:&quot;&quot;,&quot;right&quot;:&quot;&quot;,&quot;bottom&quot;:&quot;&quot;,&quot;left&quot;:&quot;&quot;,&quot;isLinked&quot;:true},&quot;element_pack_global_tooltip_border_radius_mobile&quot;:{&quot;unit&quot;:&quot;px&quot;,&quot;top&quot;:&quot;&quot;,&quot;right&quot;:&quot;&quot;,&quot;bottom&quot;:&quot;&quot;,&quot;left&quot;:&quot;&quot;,&quot;isLinked&quot;:true}}\" data-elementor-post-type=\"page\">\n\t\t\t\t\t\t<section class=\"elementor-section elementor-top-section elementor-element elementor-element-6c522944 elementor-section-boxed elementor-section-height-default elementor-section-height-default\" data-id=\"6c522944\" data-element_type=\"section\">\n\t\t\t\t\t\t<div class=\"elementor-container elementor-column-gap-default\">\n\t\t\t\t\t<div class=\"elementor-column elementor-col-100 elementor-top-column elementor-element elementor-element-79903dc6\" data-id=\"79903dc6\" data-element_type=\"column\">\n\t\t\t<div class=\"elementor-widget-wrap elementor-element-populated\">\n\t\t\t\t\t\t<div class=\"elementor-element elementor-element-3f72a6ce elementor-widget elementor-widget-xs-heading\" data-id=\"3f72a6ce\" data-element_type=\"widget\" data-widget_type=\"xs-heading.default\">\n\t\t\t\t<div class=\"elementor-widget-container\">\n\t\t\t\t\t<div class=\"xs-heading\">\n            <h3 class=\"heading-sub-title\">Find us<\/h3>\n                <h2 class=\"heading-title\">CONTACT <span>WITH US<\/span><\/h2>\n    <\/div>\t\t\t\t<\/div>\n\t\t\t\t<\/div>\n\t\t\t\t<section class=\"elementor-section elementor-inner-section elementor-element elementor-element-759fc505 elementor-section-boxed elementor-section-height-default elementor-section-height-default\" data-id=\"759fc505\" data-element_type=\"section\">\n\t\t\t\t\t\t<div class=\"elementor-container elementor-column-gap-default\">\n\t\t\t\t\t<div class=\"elementor-column elementor-col-33 elementor-inner-column elementor-element elementor-element-5b1ee13e\" data-id=\"5b1ee13e\" data-element_type=\"column\">\n\t\t\t<div class=\"elementor-widget-wrap elementor-element-populated\">\n\t\t\t\t\t\t<div class=\"elementor-element elementor-element-5e04ca92 elementor-position-top elementor-widget elementor-widget-image-box\" data-id=\"5e04ca92\" data-element_type=\"widget\" data-widget_type=\"image-box.default\">\n\t\t\t\t<div class=\"elementor-widget-container\">\n\t\t\t\t\t<div class=\"elementor-image-box-wrapper\"><figure class=\"elementor-image-box-img\"><img decoding=\"async\" src=\"https:\/\/shopingserver.com\/\/test\/wp-content\/uploads\/2018\/11\/contact-info-icon-1.png\" title=\"\" alt=\"\" loading=\"lazy\" \/><\/figure><div class=\"elementor-image-box-content\"><h3 class=\"elementor-image-box-title\">Bizi bul<\/h3><p class=\"elementor-image-box-description\">1Hd- 50, 010 Avenue, NY 90001<br>\nAmerika Birle\u015fik Devletleri<\/p><\/div><\/div>\t\t\t\t<\/div>\n\t\t\t\t<\/div>\n\t\t\t\t\t<\/div>\n\t\t<\/div>\n\t\t\t\t<div class=\"elementor-column elementor-col-33 elementor-inner-column elementor-element elementor-element-6ffcbc91\" data-id=\"6ffcbc91\" data-element_type=\"column\">\n\t\t\t<div class=\"elementor-widget-wrap elementor-element-populated\">\n\t\t\t\t\t\t<div class=\"elementor-element elementor-element-2b73a739 elementor-position-top elementor-widget elementor-widget-image-box\" data-id=\"2b73a739\" data-element_type=\"widget\" data-widget_type=\"image-box.default\">\n\t\t\t\t<div class=\"elementor-widget-container\">\n\t\t\t\t\t<div class=\"elementor-image-box-wrapper\"><figure class=\"elementor-image-box-img\"><img decoding=\"async\" src=\"https:\/\/shopingserver.com\/\/test\/wp-content\/uploads\/2018\/11\/contact-info-icon-1.png\" title=\"\" alt=\"\" loading=\"lazy\" \/><\/figure><div class=\"elementor-image-box-content\"><h3 class=\"elementor-image-box-title\">Arama yap<\/h3><p class=\"elementor-image-box-description\">009-215-5596 (\u00fccretsiz)<br>\n009-215-5595<\/p><\/div><\/div>\t\t\t\t<\/div>\n\t\t\t\t<\/div>\n\t\t\t\t\t<\/div>\n\t\t<\/div>\n\t\t\t\t<div class=\"elementor-column elementor-col-33 elementor-inner-column elementor-element elementor-element-2977947\" data-id=\"2977947\" data-element_type=\"column\">\n\t\t\t<div class=\"elementor-widget-wrap elementor-element-populated\">\n\t\t\t\t\t\t<div class=\"elementor-element elementor-element-4e6a2672 elementor-position-top elementor-widget elementor-widget-image-box\" data-id=\"4e6a2672\" data-element_type=\"widget\" data-widget_type=\"image-box.default\">\n\t\t\t\t<div class=\"elementor-widget-container\">\n\t\t\t\t\t<div class=\"elementor-image-box-wrapper\"><figure class=\"elementor-image-box-img\"><img decoding=\"async\" src=\"https:\/\/shopingserver.com\/\/test\/wp-content\/uploads\/2018\/11\/contact-info-icon-1.png\" title=\"\" alt=\"\" loading=\"lazy\" \/><\/figure><div class=\"elementor-image-box-content\"><h3 class=\"elementor-image-box-title\">Posta g\u00f6ndermek<\/h3><p class=\"elementor-image-box-description\">contact@example.com<br>\ninfo@example.com<\/p><\/div><\/div>\t\t\t\t<\/div>\n\t\t\t\t<\/div>\n\t\t\t\t\t<\/div>\n\t\t<\/div>\n\t\t\t\t\t<\/div>\n\t\t<\/section>\n\t\t\t\t\t<\/div>\n\t\t<\/div>\n\t\t\t\t\t<\/div>\n\t\t<\/section>\n\t\t\t\t<section class=\"elementor-section elementor-top-section elementor-element elementor-element-58e5439a elementor-section-boxed elementor-section-height-default elementor-section-height-default\" data-id=\"58e5439a\" data-element_type=\"section\" data-settings=\"{&quot;background_background&quot;:&quot;classic&quot;}\">\n\t\t\t\t\t\t<div class=\"elementor-container elementor-column-gap-default\">\n\t\t\t\t\t<div class=\"elementor-column elementor-col-33 elementor-top-column elementor-element elementor-element-53f3ee11\" data-id=\"53f3ee11\" data-element_type=\"column\">\n\t\t\t<div class=\"elementor-widget-wrap\">\n\t\t\t\t\t\t\t<\/div>\n\t\t<\/div>\n\t\t\t\t<div class=\"elementor-column elementor-col-33 elementor-top-column elementor-element elementor-element-5b75f69b\" data-id=\"5b75f69b\" data-element_type=\"column\">\n\t\t\t<div class=\"elementor-widget-wrap elementor-element-populated\">\n\t\t\t\t\t\t<div class=\"elementor-element elementor-element-1f58a376 elementor-widget elementor-widget-xs-heading\" data-id=\"1f58a376\" data-element_type=\"widget\" data-widget_type=\"xs-heading.default\">\n\t\t\t\t<div class=\"elementor-widget-container\">\n\t\t\t\t\t<div class=\"xs-heading\">\n            <h3 class=\"heading-sub-title\">Have question?<\/h3>\n                <h2 class=\"heading-title\">SEND <span>A MESSAGE<\/span><\/h2>\n    <\/div>\t\t\t\t<\/div>\n\t\t\t\t<\/div>\n\t\t\t\t<div class=\"elementor-element elementor-element-83282ea elementor-widget elementor-widget-shortcode\" data-id=\"83282ea\" data-element_type=\"widget\" data-widget_type=\"shortcode.default\">\n\t\t\t\t<div class=\"elementor-widget-container\">\n\t\t\t\t\t\t\t<div class=\"elementor-shortcode\"><p class=\"wpcf7-contact-form-not-found\"><strong>Hata:<\/strong> \u0130leti\u015fim formu bulunamad\u0131.<\/p><\/div>\n\t\t\t\t\t\t<\/div>\n\t\t\t\t<\/div>\n\t\t\t\t\t<\/div>\n\t\t<\/div>\n\t\t\t\t<div class=\"elementor-column elementor-col-33 elementor-top-column elementor-element elementor-element-16c74ca3\" data-id=\"16c74ca3\" data-element_type=\"column\">\n\t\t\t<div class=\"elementor-widget-wrap\">\n\t\t\t\t\t\t\t<\/div>\n\t\t<\/div>\n\t\t\t\t\t<\/div>\n\t\t<\/section>\n\t\t\t\t<section class=\"elementor-section elementor-top-section elementor-element elementor-element-46de9ef3 elementor-section-full_width elementor-section-height-default elementor-section-height-default\" data-id=\"46de9ef3\" data-element_type=\"section\">\n\t\t\t\t\t\t<div class=\"elementor-container elementor-column-gap-default\">\n\t\t\t\t\t<div class=\"elementor-column elementor-col-100 elementor-top-column elementor-element elementor-element-6b9a1d58\" data-id=\"6b9a1d58\" data-element_type=\"column\">\n\t\t\t<div class=\"elementor-widget-wrap elementor-element-populated\">\n\t\t\t\t\t\t<div class=\"elementor-element elementor-element-779f514b elementor-widget elementor-widget-google_maps\" data-id=\"779f514b\" data-element_type=\"widget\" data-widget_type=\"google_maps.default\">\n\t\t\t\t<div class=\"elementor-widget-container\">\n\t\t\t\t\t\t\t<div class=\"elementor-custom-embed\">\n\t\t\t<iframe loading=\"lazy\"\n\t\t\t\t\tsrc=\"https:\/\/maps.google.com\/maps?q=London%20Eye%2C%20London%2C%20United%20Kingdom&#038;t=m&#038;z=15&#038;output=embed&#038;iwloc=near\"\n\t\t\t\t\ttitle=\"London Eye, London, United Kingdom\"\n\t\t\t\t\taria-label=\"London Eye, London, United Kingdom\"\n\t\t\t><\/iframe>\n\t\t<\/div>\n\t\t\t\t\t\t<\/div>\n\t\t\t\t<\/div>\n\t\t\t\t\t<\/div>\n\t\t<\/div>\n\t\t\t\t\t<\/div>\n\t\t<\/section>\n\t\t\t\t<section class=\"elementor-section elementor-inner-section elementor-element elementor-element-19f3a68e elementor-section-boxed elementor-section-height-default elementor-section-height-default\" data-id=\"19f3a68e\" data-element_type=\"section\">\n\t\t\t\t\t\t<div class=\"elementor-container elementor-column-gap-default\">\n\t\t\t\t\t<div class=\"elementor-column elementor-col-50 elementor-inner-column elementor-element elementor-element-53e21368\" data-id=\"53e21368\" data-element_type=\"column\">\n\t\t\t<div class=\"elementor-widget-wrap elementor-element-populated\">\n\t\t\t\t\t\t<div class=\"elementor-element elementor-element-7ac65cee elementor-widget elementor-widget-xs-call-to-action-box\" data-id=\"7ac65cee\" data-element_type=\"widget\" data-widget_type=\"xs-call-to-action-box.default\">\n\t\t\t\t<div class=\"elementor-widget-container\">\n\t\t\t\t\t        <div class=\"xs-feature-group\">\n            <div class=\"media\">\n                <div class=\"feature-img d-flex\">\n                    <img decoding=\"async\" width=\"122\" height=\"138\" src=\"https:\/\/ded9.com\/wp-content\/uploads\/2018\/11\/sheild-2.png\" class=\"attachment-full size-full wp-image-478\" alt=\"\" \/>                <\/div>\n                <div class=\"media-body feature-content\">\n                    <h4 class=\"xs-title\">Days money back guarantee<\/h4>\n                    <p>Share processes an data secure lona need to know basis without the need.<\/p>\n                    <div class=\"xs-btn-wraper\">\n                        <a href=\"#\" class=\"btn btn-secondary\">Know More<\/a>\n                    <\/div>\n                <\/div>\n            <\/div>\n            <span class=\"icon icon-dollar watermark-icon\"><\/span>\n        <\/div><!-- .xs-feature-group END -->\n        \t\t\t\t<\/div>\n\t\t\t\t<\/div>\n\t\t\t\t\t<\/div>\n\t\t<\/div>\n\t\t\t\t<div class=\"elementor-column elementor-col-50 elementor-inner-column elementor-element elementor-element-41f2f205\" data-id=\"41f2f205\" data-element_type=\"column\">\n\t\t\t<div class=\"elementor-widget-wrap elementor-element-populated\">\n\t\t\t\t\t\t<div class=\"elementor-element elementor-element-2db0c250 elementor-widget elementor-widget-xs-call-to-action-box\" data-id=\"2db0c250\" data-element_type=\"widget\" data-widget_type=\"xs-call-to-action-box.default\">\n\t\t\t\t<div class=\"elementor-widget-container\">\n\t\t\t\t\t        <div class=\"xs-feature-group\">\n            <div class=\"media\">\n                <div class=\"feature-img d-flex\">\n                    <img decoding=\"async\" width=\"129\" height=\"138\" src=\"https:\/\/ded9.com\/wp-content\/uploads\/2018\/11\/cloud-lock-2.png\" class=\"attachment-full size-full wp-image-479\" alt=\"\" \/>                <\/div>\n                <div class=\"media-body feature-content\">\n                    <h4 class=\"xs-title\">Build and protect your brand<\/h4>\n                    <p>Share processes an data secure lona need to know basis without the need.<\/p>\n                    <div class=\"xs-btn-wraper\">\n                        <a href=\"#\" class=\"btn btn-secondary\">Know More<\/a>\n                    <\/div>\n                <\/div>\n            <\/div>\n            <span class=\"icon icon-dollar watermark-icon\"><\/span>\n        <\/div><!-- .xs-feature-group END -->\n        \t\t\t\t<\/div>\n\t\t\t\t<\/div>\n\t\t\t\t\t<\/div>\n\t\t<\/div>\n\t\t\t\t\t<\/div>\n\t\t<\/section>\n\t\t\t\t<section class=\"elementor-section elementor-top-section elementor-element elementor-element-2fda80a9 elementor-section-boxed elementor-section-height-default elementor-section-height-default\" data-id=\"2fda80a9\" data-element_type=\"section\" data-settings=\"{&quot;background_background&quot;:&quot;classic&quot;}\">\n\t\t\t\t\t\t<div class=\"elementor-container elementor-column-gap-default\">\n\t\t\t\t\t<div class=\"elementor-column elementor-col-100 elementor-top-column elementor-element elementor-element-435fa7e5\" data-id=\"435fa7e5\" data-element_type=\"column\">\n\t\t\t<div class=\"elementor-widget-wrap elementor-element-populated\">\n\t\t\t\t\t\t<div class=\"elementor-element elementor-element-15c21a5a elementor-widget elementor-widget-spacer\" data-id=\"15c21a5a\" data-element_type=\"widget\" data-widget_type=\"spacer.default\">\n\t\t\t\t<div class=\"elementor-widget-container\">\n\t\t\t\t\t\t\t<div class=\"elementor-spacer\">\n\t\t\t<div class=\"elementor-spacer-inner\"><\/div>\n\t\t<\/div>\n\t\t\t\t\t\t<\/div>\n\t\t\t\t<\/div>\n\t\t\t\t\t<\/div>\n\t\t<\/div>\n\t\t\t\t\t<\/div>\n\t\t<\/section>\n\t\t\t\t<\/div>\n\t\t","protected":false},"excerpt":{"rendered":"<p>Bizi bul B\u0130Z\u0130MLE \u0130LET\u0130\u015e\u0130ME GE\u00c7 Bizi bul 1Hd- 50, 010 Avenue, NY 90001 Amerika Birle\u015fik Devletleri Arama yap 009-215-5596 (\u00fccretsiz) 009-215-5595 Posta g\u00f6ndermek contact@example.com info@example.com Soru var? B\u0130R MESAJ G\u00d6NDERMEK g\u00fcn para iade garantisi Payla\u015f\u0131m, ihtiya\u00e7 duymadan bir veri g\u00fcvenli lona&#8217;n\u0131n bilmesi gereken temeli i\u015fler. Daha Fazla Bilgi Edinin Markan\u0131z\u0131 olu\u015fturun ve koruyun Payla\u015f\u0131m, ihtiya\u00e7 [&hellip;]<\/p>\n","protected":false},"author":1,"featured_media":0,"parent":0,"menu_order":0,"comment_status":"closed","ping_status":"closed","template":"","meta":{"_acf_changed":false,"footnotes":""},"class_list":["post-141784","page","type-page","status-publish","hentry"],"acf":[],"amp_enabled":true,"_links":{"self":[{"href":"https:\/\/ded9.com\/tr\/wp-json\/wp\/v2\/pages\/141784","targetHints":{"allow":["GET"]}}],"collection":[{"href":"https:\/\/ded9.com\/tr\/wp-json\/wp\/v2\/pages"}],"about":[{"href":"https:\/\/ded9.com\/tr\/wp-json\/wp\/v2\/types\/page"}],"author":[{"embeddable":true,"href":"https:\/\/ded9.com\/tr\/wp-json\/wp\/v2\/users\/1"}],"replies":[{"embeddable":true,"href":"https:\/\/ded9.com\/tr\/wp-json\/wp\/v2\/comments?post=141784"}],"version-history":[{"count":0,"href":"https:\/\/ded9.com\/tr\/wp-json\/wp\/v2\/pages\/141784\/revisions"}],"wp:attachment":[{"href":"https:\/\/ded9.com\/tr\/wp-json\/wp\/v2\/media?parent=141784"}],"curies":[{"name":"wp","href":"https:\/\/api.w.org\/{rel}","templated":true}]}}