{"id":209368,"date":"2018-10-02T06:58:10","date_gmt":"2018-10-02T06:58:10","guid":{"rendered":"https:\/\/ded9.com\/legal-2\/"},"modified":"2025-10-22T12:56:54","modified_gmt":"2025-10-22T12:56:54","slug":"legal-2","status":"publish","type":"page","link":"https:\/\/ded9.com\/de\/legal-2\/","title":{"rendered":"Legal"},"content":{"rendered":"\t\t<div data-elementor-type=\"wp-page\" data-elementor-id=\"209368\" class=\"elementor elementor-209368 elementor-49\" data-elementor-settings=\"{&quot;element_pack_global_tooltip_width&quot;:{&quot;unit&quot;:&quot;px&quot;,&quot;size&quot;:&quot;&quot;,&quot;sizes&quot;:[]},&quot;element_pack_global_tooltip_width_tablet&quot;:{&quot;unit&quot;:&quot;px&quot;,&quot;size&quot;:&quot;&quot;,&quot;sizes&quot;:[]},&quot;element_pack_global_tooltip_width_mobile&quot;:{&quot;unit&quot;:&quot;px&quot;,&quot;size&quot;:&quot;&quot;,&quot;sizes&quot;:[]},&quot;element_pack_global_tooltip_padding&quot;:{&quot;unit&quot;:&quot;px&quot;,&quot;top&quot;:&quot;&quot;,&quot;right&quot;:&quot;&quot;,&quot;bottom&quot;:&quot;&quot;,&quot;left&quot;:&quot;&quot;,&quot;isLinked&quot;:true},&quot;element_pack_global_tooltip_padding_tablet&quot;:{&quot;unit&quot;:&quot;px&quot;,&quot;top&quot;:&quot;&quot;,&quot;right&quot;:&quot;&quot;,&quot;bottom&quot;:&quot;&quot;,&quot;left&quot;:&quot;&quot;,&quot;isLinked&quot;:true},&quot;element_pack_global_tooltip_padding_mobile&quot;:{&quot;unit&quot;:&quot;px&quot;,&quot;top&quot;:&quot;&quot;,&quot;right&quot;:&quot;&quot;,&quot;bottom&quot;:&quot;&quot;,&quot;left&quot;:&quot;&quot;,&quot;isLinked&quot;:true},&quot;element_pack_global_tooltip_border_radius&quot;:{&quot;unit&quot;:&quot;px&quot;,&quot;top&quot;:&quot;&quot;,&quot;right&quot;:&quot;&quot;,&quot;bottom&quot;:&quot;&quot;,&quot;left&quot;:&quot;&quot;,&quot;isLinked&quot;:true},&quot;element_pack_global_tooltip_border_radius_tablet&quot;:{&quot;unit&quot;:&quot;px&quot;,&quot;top&quot;:&quot;&quot;,&quot;right&quot;:&quot;&quot;,&quot;bottom&quot;:&quot;&quot;,&quot;left&quot;:&quot;&quot;,&quot;isLinked&quot;:true},&quot;element_pack_global_tooltip_border_radius_mobile&quot;:{&quot;unit&quot;:&quot;px&quot;,&quot;top&quot;:&quot;&quot;,&quot;right&quot;:&quot;&quot;,&quot;bottom&quot;:&quot;&quot;,&quot;left&quot;:&quot;&quot;,&quot;isLinked&quot;:true}}\" data-elementor-post-type=\"page\">\n\t\t\t\t<div class=\"elementor-element elementor-element-2d986d2 e-flex e-con-boxed e-con e-parent\" data-id=\"2d986d2\" data-element_type=\"container\" data-settings=\"{&quot;background_background&quot;:&quot;classic&quot;}\">\n\t\t\t\t\t<div class=\"e-con-inner\">\n\t\t\t\t<div class=\"elementor-element elementor-element-7f9cb64 elementor-widget elementor-widget-heading\" data-id=\"7f9cb64\" data-element_type=\"widget\" data-widget_type=\"heading.default\">\n\t\t\t\t<div class=\"elementor-widget-container\">\n\t\t\t\t\t<div class=\"elementor-heading-title elementor-size-default\">DED9 Rechtszentrum<\/div>\t\t\t\t<\/div>\n\t\t\t\t<\/div>\n\t\t\t\t<div class=\"elementor-element elementor-element-805805a elementor-widget elementor-widget-heading\" data-id=\"805805a\" data-element_type=\"widget\" data-widget_type=\"heading.default\">\n\t\t\t\t<div class=\"elementor-widget-container\">\n\t\t\t\t\t<div class=\"elementor-heading-title elementor-size-default\">Bitte lesen Sie diese Informationen sorgf\u00e4ltig durch, da sie Ihre gesetzlichen Rechte, Pflichten und verf\u00fcgbaren Rechtsmittel darlegen.<\/div>\t\t\t\t<\/div>\n\t\t\t\t<\/div>\n\t\t\t\t\t<\/div>\n\t\t\t\t<\/div>\n\t\t<div class=\"elementor-element elementor-element-e2875c8 e-con-full e-flex e-con e-parent\" data-id=\"e2875c8\" data-element_type=\"container\">\n\t\t<div class=\"elementor-element elementor-element-ada7ead e-con-full e-flex e-con e-child\" data-id=\"ada7ead\" data-element_type=\"container\">\n\t\t<div class=\"elementor-element elementor-element-19188aa e-con-full e-flex e-con e-child\" data-id=\"19188aa\" data-element_type=\"container\">\n\t\t<div class=\"elementor-element elementor-element-9f2b165 e-con-full e-flex e-con e-child\" data-id=\"9f2b165\" data-element_type=\"container\">\n\t\t\t\t<div class=\"elementor-element elementor-element-34f3bb6 elementor-widget elementor-widget-button\" data-id=\"34f3bb6\" data-element_type=\"widget\" data-widget_type=\"button.default\">\n\t\t\t\t<div class=\"elementor-widget-container\">\n\t\t\t\t\t\t\t\t\t<div class=\"elementor-button-wrapper\">\n\t\t\t\t\t<a class=\"elementor-button elementor-button-link elementor-size-sm\" href=\"#Terms%20of%20service\">\n\t\t\t\t\t\t<span class=\"elementor-button-content-wrapper\">\n\t\t\t\t\t\t\t\t\t<span class=\"elementor-button-text\">Nutzungsbedingungen<\/span>\n\t\t\t\t\t<\/span>\n\t\t\t\t\t<\/a>\n\t\t\t\t<\/div>\n\t\t\t\t\t\t\t\t<\/div>\n\t\t\t\t<\/div>\n\t\t\t\t<div class=\"elementor-element elementor-element-65faf39 elementor-widget elementor-widget-button\" data-id=\"65faf39\" data-element_type=\"widget\" data-widget_type=\"button.default\">\n\t\t\t\t<div class=\"elementor-widget-container\">\n\t\t\t\t\t\t\t\t\t<div class=\"elementor-button-wrapper\">\n\t\t\t\t\t<a class=\"elementor-button elementor-button-link elementor-size-sm\" href=\"#Refund%20Policy\">\n\t\t\t\t\t\t<span class=\"elementor-button-content-wrapper\">\n\t\t\t\t\t\t\t\t\t<span class=\"elementor-button-text\">R\u00fcckerstattungsrichtlinie<\/span>\n\t\t\t\t\t<\/span>\n\t\t\t\t\t<\/a>\n\t\t\t\t<\/div>\n\t\t\t\t\t\t\t\t<\/div>\n\t\t\t\t<\/div>\n\t\t\t\t<div class=\"elementor-element elementor-element-2c2ac8f elementor-widget elementor-widget-button\" data-id=\"2c2ac8f\" data-element_type=\"widget\" data-widget_type=\"button.default\">\n\t\t\t\t<div class=\"elementor-widget-container\">\n\t\t\t\t\t\t\t\t\t<div class=\"elementor-button-wrapper\">\n\t\t\t\t\t<a class=\"elementor-button elementor-button-link elementor-size-sm\" href=\"#Support\">\n\t\t\t\t\t\t<span class=\"elementor-button-content-wrapper\">\n\t\t\t\t\t\t\t\t\t<span class=\"elementor-button-text\">Unterst\u00fctzung<\/span>\n\t\t\t\t\t<\/span>\n\t\t\t\t\t<\/a>\n\t\t\t\t<\/div>\n\t\t\t\t\t\t\t\t<\/div>\n\t\t\t\t<\/div>\n\t\t\t\t<div class=\"elementor-element elementor-element-5080c01 elementor-widget elementor-widget-button\" data-id=\"5080c01\" data-element_type=\"widget\" data-widget_type=\"button.default\">\n\t\t\t\t<div class=\"elementor-widget-container\">\n\t\t\t\t\t\t\t\t\t<div class=\"elementor-button-wrapper\">\n\t\t\t\t\t<a class=\"elementor-button elementor-button-link elementor-size-sm\" href=\"#Accepting%20the%20rules\">\n\t\t\t\t\t\t<span class=\"elementor-button-content-wrapper\">\n\t\t\t\t\t\t\t\t\t<span class=\"elementor-button-text\">Die Regeln akzeptieren<\/span>\n\t\t\t\t\t<\/span>\n\t\t\t\t\t<\/a>\n\t\t\t\t<\/div>\n\t\t\t\t\t\t\t\t<\/div>\n\t\t\t\t<\/div>\n\t\t\t\t<div class=\"elementor-element elementor-element-b1faa03 elementor-widget elementor-widget-button\" data-id=\"b1faa03\" data-element_type=\"widget\" data-widget_type=\"button.default\">\n\t\t\t\t<div class=\"elementor-widget-container\">\n\t\t\t\t\t\t\t\t\t<div class=\"elementor-button-wrapper\">\n\t\t\t\t\t<a class=\"elementor-button elementor-button-link elementor-size-sm\" href=\"#Removal%20of%20responsibility\">\n\t\t\t\t\t\t<span class=\"elementor-button-content-wrapper\">\n\t\t\t\t\t\t\t\t\t<span class=\"elementor-button-text\">Entfernung der Verantwortung<\/span>\n\t\t\t\t\t<\/span>\n\t\t\t\t\t<\/a>\n\t\t\t\t<\/div>\n\t\t\t\t\t\t\t\t<\/div>\n\t\t\t\t<\/div>\n\t\t\t\t<\/div>\n\t\t\t\t<\/div>\n\t\t<div class=\"elementor-element elementor-element-132117e e-con-full e-flex e-con e-child\" data-id=\"132117e\" data-element_type=\"container\">\n\t\t<div class=\"elementor-element elementor-element-11d2bd6 e-con-full e-flex e-con e-child\" data-id=\"11d2bd6\" data-element_type=\"container\">\n\t\t\t\t<div class=\"elementor-element elementor-element-89bfdf1 elementor-widget elementor-widget-text-editor\" data-id=\"89bfdf1\" data-element_type=\"widget\" data-widget_type=\"text-editor.default\">\n\t\t\t\t<div class=\"elementor-widget-container\">\n\t\t\t\t\t\t\t\t\t<p>Die von Ded9 festgelegten Allgemeinen Gesch\u00e4ftsbedingungen gelten f\u00fcr alle Benutzer und Vertreter. Wenn diese Allgemeinen Gesch\u00e4ftsbedingungen nicht befolgt werden, wird das Benutzerkonto ohne R\u00fcckerstattung gek\u00fcndigt.<\/p>\n\t\t\t\t\t\t\t\t<\/div>\n\t\t\t\t<\/div>\n\t\t\t\t<\/div>\n\t\t<div class=\"elementor-element elementor-element-4814e3a e-con-full e-flex e-con e-child\" data-id=\"4814e3a\" data-element_type=\"container\">\n\t\t\t\t<div class=\"elementor-element elementor-element-6dc4255 elementor-widget elementor-widget-heading\" data-id=\"6dc4255\" data-element_type=\"widget\" data-widget_type=\"heading.default\">\n\t\t\t\t<div class=\"elementor-widget-container\">\n\t\t\t\t\t<div class=\"elementor-heading-title elementor-size-default\">Nutzungsbedingungen<\/div>\t\t\t\t<\/div>\n\t\t\t\t<\/div>\n\t\t\t\t<div class=\"elementor-element elementor-element-65c5668 elementor-widget elementor-widget-text-editor\" data-id=\"65c5668\" data-element_type=\"widget\" data-widget_type=\"text-editor.default\">\n\t\t\t\t<div class=\"elementor-widget-container\">\n\t\t\t\t\t\t\t\t\t<p>Der Nutzerdienst wird gestoppt, wenn auf den virtuellen Servern Massen-E-Mail-Dienste, Hacking-Software, DDoS-, VPN- und Proxy-Angriffe sowie die illegale Nutzung anderer IPs installiert werden. Der Nutzer ist verpflichtet, den Ded9.com entstandenen Schaden zu ersetzen. Ded9 \u00fcbernimmt keine Verantwortung f\u00fcr die Verwaltung der virtuellen Server. Bei Bedarf kann der Support eine anteilige oder monatliche Wartungsgeb\u00fchr f\u00fcr den virtuellen Server erheben, die vom Benutzer zu tragen ist. Nicht fristgerecht bezahlte Dienste werden nach 24 Stunden gesperrt und nach f\u00fcnf Tagen gel\u00f6scht. Alle virtuellen Server verf\u00fcgen \u00fcber Backup-Speicher, f\u00fcr deren Erstellung und Verwendung der Benutzer jedoch selbst verantwortlich ist.  Im Falle eines Angriffs ist das Servicenetzwerk ohne Vorwarnung nicht erreichbar und die Sicherung und Wiederherstellung von Daten und Verbindlichkeiten ist unm\u00f6glich, selbst wenn es Berichte \u00fcber DOS und Angriffe auf interne und externe Server gibt. Der s\u00e4umige Benutzer ist f\u00fcr die gesamte Situation verantwortlich und der Schaden wird von den Justizbeh\u00f6rden verfolgt.<\/p>\n\t\t\t\t\t\t\t\t<\/div>\n\t\t\t\t<\/div>\n\t\t\t\t<\/div>\n\t\t<div class=\"elementor-element elementor-element-757450f e-con-full e-flex e-con e-child\" data-id=\"757450f\" data-element_type=\"container\">\n\t\t\t\t<div class=\"elementor-element elementor-element-389e1e5 elementor-widget elementor-widget-heading\" data-id=\"389e1e5\" data-element_type=\"widget\" data-widget_type=\"heading.default\">\n\t\t\t\t<div class=\"elementor-widget-container\">\n\t\t\t\t\t<div class=\"elementor-heading-title elementor-size-default\">R\u00fcckerstattungsrichtlinie<\/div>\t\t\t\t<\/div>\n\t\t\t\t<\/div>\n\t\t\t\t<div class=\"elementor-element elementor-element-1e8c48a elementor-widget elementor-widget-text-editor\" data-id=\"1e8c48a\" data-element_type=\"widget\" data-widget_type=\"text-editor.default\">\n\t\t\t\t<div class=\"elementor-widget-container\">\n\t\t\t\t\t\t\t\t\t<p>Die R\u00fcckerstattung des f\u00fcr Ded9-Dienste eingezahlten Betrags kann erfolgen, wenn von unserer Seite ein Problem vorliegt und ein \u00fcberzeugender Grund vorliegt und seit der Leistungserbringung nicht mehr als 72 Stunden vergangen sind. Der gew\u00fcnschte Betrag wird dem Konto des Benutzers innerhalb von 4 bis 7 Werktagen gutgeschrieben. Bitte beachten Sie, dass die R\u00fcckerstattung der zur\u00fcckerstatteten Betr\u00e4ge nach Abzug der Bankabz\u00fcge erfolgt.<\/p>\n\t\t\t\t\t\t\t\t<\/div>\n\t\t\t\t<\/div>\n\t\t\t\t<\/div>\n\t\t<div class=\"elementor-element elementor-element-1e11f27 e-con-full e-flex e-con e-child\" data-id=\"1e11f27\" data-element_type=\"container\">\n\t\t\t\t<div class=\"elementor-element elementor-element-25a8f44 elementor-widget elementor-widget-heading\" data-id=\"25a8f44\" data-element_type=\"widget\" data-widget_type=\"heading.default\">\n\t\t\t\t<div class=\"elementor-widget-container\">\n\t\t\t\t\t<div class=\"elementor-heading-title elementor-size-default\">Unterst\u00fctzung<\/div>\t\t\t\t<\/div>\n\t\t\t\t<\/div>\n\t\t\t\t<div class=\"elementor-element elementor-element-d76b87d elementor-widget elementor-widget-text-editor\" data-id=\"d76b87d\" data-element_type=\"widget\" data-widget_type=\"text-editor.default\">\n\t\t\t\t<div class=\"elementor-widget-container\">\n\t\t\t\t\t\t\t\t\t<p>Der Support erfolgt \u00fcber einen Online-Chat und ein Ticket-\u00dcbermittlungssystem. Der Support umfasst nicht die Verwaltung von Benutzerdiensten. Ded9 ist nur f\u00fcr die Nichtverf\u00fcgbarkeit von Diensten oder \u00e4hnliche F\u00e4lle verantwortlich.<\/p>\n\t\t\t\t\t\t\t\t<\/div>\n\t\t\t\t<\/div>\n\t\t\t\t<\/div>\n\t\t<div class=\"elementor-element elementor-element-6f7e593 e-con-full e-flex e-con e-child\" data-id=\"6f7e593\" data-element_type=\"container\">\n\t\t\t\t<div class=\"elementor-element elementor-element-cf0e7ae elementor-widget elementor-widget-heading\" data-id=\"cf0e7ae\" data-element_type=\"widget\" data-widget_type=\"heading.default\">\n\t\t\t\t<div class=\"elementor-widget-container\">\n\t\t\t\t\t<div class=\"elementor-heading-title elementor-size-default\">Die Regeln akzeptieren<\/div>\t\t\t\t<\/div>\n\t\t\t\t<\/div>\n\t\t\t\t<div class=\"elementor-element elementor-element-c7a260c elementor-widget elementor-widget-text-editor\" data-id=\"c7a260c\" data-element_type=\"widget\" data-widget_type=\"text-editor.default\">\n\t\t\t\t<div class=\"elementor-widget-container\">\n\t\t\t\t\t\t\t\t\t<p>Mit der Zahlung des Rechnungsbetrags oder dem Beitritt zur Website des Unternehmens akzeptiert der K\u00e4ufer die Regeln des Unternehmens. Eine Unterschrift des K\u00e4ufers ist nicht erforderlich.<\/p>\n\t\t\t\t\t\t\t\t<\/div>\n\t\t\t\t<\/div>\n\t\t\t\t<\/div>\n\t\t<div class=\"elementor-element elementor-element-6f9328c e-con-full e-flex e-con e-child\" data-id=\"6f9328c\" data-element_type=\"container\">\n\t\t\t\t<div class=\"elementor-element elementor-element-bf121c2 elementor-widget elementor-widget-heading\" data-id=\"bf121c2\" data-element_type=\"widget\" data-widget_type=\"heading.default\">\n\t\t\t\t<div class=\"elementor-widget-container\">\n\t\t\t\t\t<div class=\"elementor-heading-title elementor-size-default\">Entfernung der Verantwortung<\/div>\t\t\t\t<\/div>\n\t\t\t\t<\/div>\n\t\t\t\t<div class=\"elementor-element elementor-element-ede78a7 elementor-widget elementor-widget-text-editor\" data-id=\"ede78a7\" data-element_type=\"widget\" data-widget_type=\"text-editor.default\">\n\t\t\t\t<div class=\"elementor-widget-container\">\n\t\t\t\t\t\t\t\t\t<p>Das Unternehmen Ded9 \u00fcbernimmt keine Verantwortung f\u00fcr die von Abonnenten geposteten Informationen; Daher muss der Abonnent im Bedarfsfall f\u00fcr die Nutzung der Dienste des Unternehmens Ded9 verantwortlich sein.<\/p>\n\t\t\t\t\t\t\t\t<\/div>\n\t\t\t\t<\/div>\n\t\t\t\t<div class=\"elementor-element elementor-element-b6c3ddc elementor-widget-divider--view-line elementor-widget elementor-widget-divider\" data-id=\"b6c3ddc\" data-element_type=\"widget\" data-widget_type=\"divider.default\">\n\t\t\t\t<div class=\"elementor-widget-container\">\n\t\t\t\t\t\t\t<div class=\"elementor-divider\">\n\t\t\t<span class=\"elementor-divider-separator\">\n\t\t\t\t\t\t<\/span>\n\t\t<\/div>\n\t\t\t\t\t\t<\/div>\n\t\t\t\t<\/div>\n\t\t\t\t<\/div>\n\t\t<div class=\"elementor-element elementor-element-30c8f6d e-con-full e-flex e-con e-child\" data-id=\"30c8f6d\" data-element_type=\"container\">\n\t\t\t\t<div class=\"elementor-element elementor-element-25c81d4 elementor-widget elementor-widget-button\" data-id=\"25c81d4\" data-element_type=\"widget\" data-widget_type=\"button.default\">\n\t\t\t\t<div class=\"elementor-widget-container\">\n\t\t\t\t\t\t\t\t\t<div class=\"elementor-button-wrapper\">\n\t\t\t\t\t<a class=\"elementor-button elementor-size-sm\" role=\"button\">\n\t\t\t\t\t\t<span class=\"elementor-button-content-wrapper\">\n\t\t\t\t\t\t<span class=\"elementor-button-icon\">\n\t\t\t\t<svg xmlns=\"http:\/\/www.w3.org\/2000\/svg\" width=\"24\" height=\"24\" viewBox=\"0 0 24 24\" fill=\"none\"><path d=\"M12 3C17.5 3 22 6.58 22 11C22 15.42 17.5 19 12 19C10.76 19 9.57 18.82 8.47 18.5C5.55 21 2 21 2 21C4.33 18.67 4.7 17.1 4.75 16.5C3.05 15.07 2 13.13 2 11C2 6.58 6.5 3 12 3Z\" fill=\"#673DE6\"><\/path><\/svg>\t\t\t<\/span>\n\t\t\t\t\t\t\t\t\t<span class=\"elementor-button-text\">Brauchen Sie Hilfe?<\/span>\n\t\t\t\t\t<\/span>\n\t\t\t\t\t<\/a>\n\t\t\t\t<\/div>\n\t\t\t\t\t\t\t\t<\/div>\n\t\t\t\t<\/div>\n\t\t<div class=\"elementor-element elementor-element-a3d95d6 e-con-full e-flex e-con e-child\" data-id=\"a3d95d6\" data-element_type=\"container\">\n\t\t<div class=\"elementor-element elementor-element-0f0ea31 e-con-full e-flex e-con e-child\" data-id=\"0f0ea31\" data-element_type=\"container\">\n\t\t\t\t<div class=\"elementor-element elementor-element-530365f elementor-widget elementor-widget-heading\" data-id=\"530365f\" data-element_type=\"widget\" data-widget_type=\"heading.default\">\n\t\t\t\t<div class=\"elementor-widget-container\">\n\t\t\t\t\t<div class=\"elementor-heading-title elementor-size-default\">Bei rechtlichen Fragen kontaktieren Sie uns bitte unter<\/div>\t\t\t\t<\/div>\n\t\t\t\t<\/div>\n\t\t\t\t<\/div>\n\t\t<div class=\"elementor-element elementor-element-704e565 e-con-full e-flex e-con e-child\" data-id=\"704e565\" data-element_type=\"container\">\n\t\t\t\t<div class=\"elementor-element elementor-element-5a175cf elementor-widget elementor-widget-heading\" data-id=\"5a175cf\" data-element_type=\"widget\" data-widget_type=\"heading.default\">\n\t\t\t\t<div class=\"elementor-widget-container\">\n\t\t\t\t\t<div class=\"elementor-heading-title elementor-size-default\"><a href=\"https:\/\/clients.ded9.com\/contact.php\">support@ded9.net.<\/a><\/div>\t\t\t\t<\/div>\n\t\t\t\t<\/div>\n\t\t\t\t<\/div>\n\t\t\t\t<\/div>\n\t\t\t\t<\/div>\n\t\t\t\t<\/div>\n\t\t\t\t<\/div>\n\t\t\t\t<\/div>\n\t\t\t\t<\/div>\n\t\t","protected":false},"excerpt":{"rendered":"<p>DED9 Rechtszentrum Bitte lesen Sie diese Informationen sorgf\u00e4ltig durch, da sie Ihre gesetzlichen Rechte, Pflichten und verf\u00fcgbaren Rechtsmittel darlegen. Nutzungsbedingungen R\u00fcckerstattungsrichtlinie Unterst\u00fctzung Die Regeln akzeptieren Entfernung der Verantwortung Die von Ded9 festgelegten Allgemeinen Gesch\u00e4ftsbedingungen gelten f\u00fcr alle Benutzer und Vertreter. Wenn diese Allgemeinen Gesch\u00e4ftsbedingungen nicht befolgt werden, wird das Benutzerkonto ohne R\u00fcckerstattung gek\u00fcndigt. Nutzungsbedingungen Der [&hellip;]<\/p>\n","protected":false},"author":1,"featured_media":0,"parent":0,"menu_order":0,"comment_status":"closed","ping_status":"closed","template":"elementor_header_footer","meta":{"_acf_changed":false,"footnotes":""},"class_list":["post-209368","page","type-page","status-publish","hentry"],"acf":[],"amp_enabled":false,"_links":{"self":[{"href":"https:\/\/ded9.com\/de\/wp-json\/wp\/v2\/pages\/209368","targetHints":{"allow":["GET"]}}],"collection":[{"href":"https:\/\/ded9.com\/de\/wp-json\/wp\/v2\/pages"}],"about":[{"href":"https:\/\/ded9.com\/de\/wp-json\/wp\/v2\/types\/page"}],"author":[{"embeddable":true,"href":"https:\/\/ded9.com\/de\/wp-json\/wp\/v2\/users\/1"}],"replies":[{"embeddable":true,"href":"https:\/\/ded9.com\/de\/wp-json\/wp\/v2\/comments?post=209368"}],"version-history":[{"count":2,"href":"https:\/\/ded9.com\/de\/wp-json\/wp\/v2\/pages\/209368\/revisions"}],"predecessor-version":[{"id":263739,"href":"https:\/\/ded9.com\/de\/wp-json\/wp\/v2\/pages\/209368\/revisions\/263739"}],"wp:attachment":[{"href":"https:\/\/ded9.com\/de\/wp-json\/wp\/v2\/media?parent=209368"}],"curies":[{"name":"wp","href":"https:\/\/api.w.org\/{rel}","templated":true}]}}