{"id":179560,"date":"2023-07-31T18:24:11","date_gmt":"2023-07-31T18:24:11","guid":{"rendered":"https:\/\/ded9.com\/?page_id=179560"},"modified":"2023-07-31T18:24:11","modified_gmt":"2023-07-31T18:24:11","slug":"ueber-uns","status":"publish","type":"page","link":"https:\/\/ded9.com\/de\/ueber-uns\/","title":{"rendered":"\u00dcber uns"},"content":{"rendered":"<p>Das Unternehmen Ded9 bietet Hosting-Dienste, virtuelle Server, Lizenzdienste, SSL-Sicherheitszertifikate und andere Webdienste an.<\/p>\n<p>Die Pr\u00e4senz von Ded9 auf dem Hosting-Markt und unter den zuverl\u00e4ssigen Dienstleistern ist eine unserer Ehren.<\/p>\n<h4>Durch diese langj\u00e4hrige Pr\u00e4senz haben wir viel Erfahrung gesammelt und die Qualit\u00e4t, den Service und die Kundenzufriedenheit verbessert.<br \/>\nDie Gr\u00fcnde f\u00fcr diesen Fortschritt sind:<\/h4>\n<p>1. Hohe Qualit\u00e4t der bereitgestellten Dienste und Dienste, virtuelle Server, dedizierte Server, Hosts usw<br \/>\n2. Hervorragender Support und Online-Service sowie schnelle und akzeptable L\u00f6sung technischer Probleme.<br \/>\n3. Sehr angemessener und wettbewerbsf\u00e4higer Preis im Vergleich zu anderen Dienstleistern<br \/>\n4. Bereitstellung aktueller Dienstleistungen sowie vielf\u00e4ltiger und umfassender Dienstleistungen<\/p>\n<p>Das wichtigste Kapital eines Unternehmens sind Arbeitskr\u00e4fte und Humankapital. Das Unternehmen Ded9 hat vom fachkundigen Technik- und Vertriebsteam profitiert.<\/p>\n<p>Bitte gehen Sie auf alle Bed\u00fcrfnisse Ihrer Abonnenten ein. Aufgrund der Spezialisierung unseres Hosting-Bereichs aus Profis im Netzwerkbereich, Linux- und Windows-Experten,<\/p>\n<p>Wir verf\u00fcgen \u00fcber Experten f\u00fcr Webdesign und andere mit internationalen Abschl\u00fcssen und gro\u00dfer Berufserfahrung.<\/p>\n<p>Die Vorteile, die Ded9 als Anbieter hat, machen Sie zu seinem Stammkunden:<br \/>\nSie k\u00f6nnen einen Server von jedem Standort aus ausw\u00e4hlen!<\/p>\n<p>Wir haben 12 Standorte f\u00fcr den virtuellen Server. Sie k\u00f6nnen Ihren Standort w\u00e4hlen. Besuchen Sie einfach unsere Standorte und \u00fcberzeugen Sie sich mit eigenen Augen von der Vielfalt der geografischen Gebiete.<\/p>\n<p>&nbsp;<\/p>\n<h3>\nSupport rund um die Uhr<\/h3>\n<p>Wir haben rund um die Uhr Support und k\u00fcmmern uns um Ihre Server, sodass Sie unbesorgt an die Entwicklung Ihres Unternehmens denken k\u00f6nnen. Wann immer Sie Hilfe und Rat ben\u00f6tigen, k\u00f6nnen Sie unser Support-Team \u00fcber das Ticketsystem und die Online-Kommunikation kontaktieren und sogar Kommentare abgeben und Ihre Fragen und Probleme mitteilen.<\/p>\n<h3>\nGeld-Zur\u00fcck-Garantie<\/h3>\n<p>Wenn Sie bei uns einkaufen und aus irgendeinem Grund nicht zufrieden sind und Anspruch auf eine R\u00fcckerstattung haben, k\u00f6nnen Sie Ihr Geld zur\u00fcckerhalten, indem Sie sich an den Support wenden. Auf jeden Fall haben wir keinen unzufriedenen Kunden.<\/p>\n<h3>\nDer Preis ist korrekt<\/h3>\n<p>Wir bieten Hardware und Service von h\u00f6chster Qualit\u00e4t zu niedrigsten Preisen.<\/p>\n<p>Wir geben immer unser Bestes, um den Kundendienst von h\u00f6chster Qualit\u00e4t zu bieten, genau das, was unsere Kunden suchen. Je niedriger der Service- und Produktpreis, desto zufriedener sind die Kunden. Ihre Zufriedenheit ist f\u00fcr uns eine Voraussetzung; Aus diesem Grund haben wir den g\u00fcnstigsten Preis f\u00fcr unsere Server ermittelt, damit Sie unser Stammkunde werden.<br \/>\nNat\u00fcrlich haben wir viele Vorteile, wie z. B. die Bereitstellung aktuellster Hardware, die schnellsten Server, verschiedene Tarife usw. Dennoch beschr\u00e4nken wir uns auf diese Faktoren, um uns vorzustellen.<\/p>\n","protected":false},"excerpt":{"rendered":"<p>Das Unternehmen Ded9 bietet Hosting-Dienste, virtuelle Server, Lizenzdienste, SSL-Sicherheitszertifikate und andere Webdienste an. Die Pr\u00e4senz von Ded9 auf dem Hosting-Markt und unter den zuverl\u00e4ssigen Dienstleistern ist eine unserer Ehren. Durch diese langj\u00e4hrige Pr\u00e4senz haben wir viel Erfahrung gesammelt und die Qualit\u00e4t, den Service und die Kundenzufriedenheit verbessert. Die Gr\u00fcnde f\u00fcr diesen Fortschritt sind: 1. Hohe [&hellip;]<\/p>\n","protected":false},"author":2,"featured_media":0,"parent":0,"menu_order":0,"comment_status":"closed","ping_status":"closed","template":"","meta":{"_acf_changed":false,"footnotes":""},"class_list":["post-179560","page","type-page","status-publish","hentry"],"acf":[],"amp_enabled":true,"_links":{"self":[{"href":"https:\/\/ded9.com\/de\/wp-json\/wp\/v2\/pages\/179560","targetHints":{"allow":["GET"]}}],"collection":[{"href":"https:\/\/ded9.com\/de\/wp-json\/wp\/v2\/pages"}],"about":[{"href":"https:\/\/ded9.com\/de\/wp-json\/wp\/v2\/types\/page"}],"author":[{"embeddable":true,"href":"https:\/\/ded9.com\/de\/wp-json\/wp\/v2\/users\/2"}],"replies":[{"embeddable":true,"href":"https:\/\/ded9.com\/de\/wp-json\/wp\/v2\/comments?post=179560"}],"version-history":[{"count":0,"href":"https:\/\/ded9.com\/de\/wp-json\/wp\/v2\/pages\/179560\/revisions"}],"wp:attachment":[{"href":"https:\/\/ded9.com\/de\/wp-json\/wp\/v2\/media?parent=179560"}],"curies":[{"name":"wp","href":"https:\/\/api.w.org\/{rel}","templated":true}]}}