{"id":179557,"date":"2023-07-31T18:18:09","date_gmt":"2023-07-31T18:18:09","guid":{"rendered":"https:\/\/ded9.com\/?page_id=179557"},"modified":"2023-07-31T18:18:09","modified_gmt":"2023-07-31T18:18:09","slug":"nutzungsbedingungen","status":"publish","type":"page","link":"https:\/\/ded9.com\/de\/nutzungsbedingungen\/","title":{"rendered":"Nutzungsbedingungen"},"content":{"rendered":"<h3>Richtlinien zur akzeptablen Nutzung<\/h3>\n<p>&nbsp;<\/p>\n<p>Dieses Dokument legt die Grunds\u00e4tze, Richtlinien und Anforderungen der Acceptable Use Policy von Ded9 fest, die die Nutzung der Dienste und Produkte von Ded9 (\u201eDienste und Produkte\u201c) durch den Kunden (\u201eKunde\u201c) regeln. Der Zweck der Richtlinien zur akzeptablen Nutzung von Ded9, im Folgenden als \u201eBedingungen\u201c bezeichnet, besteht in der Einhaltung aller Bundes-, Landes-, EU- und internationalen Vorschriften zum Schutz der Netzwerksicherheit, Netzwerkverf\u00fcgbarkeit, physischen Sicherheit, der Privatsph\u00e4re des Kunden und anderer Faktoren, die sich auf die Dienste auswirken bereitgestellt von Ded9. Ded9 beh\u00e4lt sich das Recht vor, angemessene Regeln und Vorschriften f\u00fcr die Nutzung seiner f\u00fcr alle Kunden bereitgestellten Dienste festzulegen. Diese Regeln und Vorschriften k\u00f6nnen ge\u00e4ndert werden. Bei den Bedingungen handelt es sich nicht um eine allumfassende, ersch\u00f6pfende Liste, und Ded9 beh\u00e4lt sich das Recht vor, die Bedingungen jederzeit nach Bedarf zu \u00e4ndern, und zwar entweder mit der Ver\u00f6ffentlichung der ge\u00e4nderten Bedingungen oder mit der Benachrichtigung des Kunden per E-Mail. Die Annahme und Ausf\u00fchrung des Master-Dienstleistungsvertrags bindet alle Parteien an die von Ded9 zum Zeitpunkt der Vertragsunterzeichnung festgelegten Bedingungen und in der jeweils ge\u00e4nderten Fassung. Jeder Versto\u00df gegen die Bedingungen kann zur Sperrung oder K\u00fcndigung des Kundenkontos bzw. der Kundenkonten oder zu anderen Ma\u00dfnahmen f\u00fchren, die Ded9 f\u00fcr angemessen h\u00e4lt. F\u00fcr Dienstunterbrechungen aufgrund von Richtlinienverst\u00f6\u00dfen werden keine Gutschriften ausgestellt.<\/p>\n<p>VERLETZUNGEN EINES TEILS DER AGB IST STRENG VERBOTEN und KANN ZUR SOFORTIGEN K\u00dcNDIGUNG ODER AUSSETZUNG DER DIENSTLEISTUNGEN F\u00dcHREN, DIE DER KUNDE VON Ded9 ERH\u00c4LT<\/p>\n<p>Alle Fragen oder Kommentare zu den Bedingungen sollten an die Missbrauchsabteilung gerichtet werden.<\/p>\n<p>&nbsp;<\/p>\n<h3>\nEinhaltung von Gesetzen<\/h3>\n<p>Dem Kunden ist es nicht gestattet, Material auf oder \u00fcber einen der Dienste oder Produkte zu ver\u00f6ffentlichen, zu \u00fcbertragen, erneut zu \u00fcbertragen oder zu speichern, das nach dem alleinigen Ermessen von Ded9 (i) gegen lokale, staatliche, bundesstaatliche oder die Europ\u00e4ische Union und internationale Vorschriften verst\u00f6\u00dft , (ii) bedrohlich, obsz\u00f6n, unanst\u00e4ndig, verleumderisch sind oder auf andere Weise eine Einzelperson, Gruppe oder K\u00f6rperschaft (gemeinsam \u201ePersonen\u201c) beeintr\u00e4chtigen k\u00f6nnten oder (iii) die Rechte einer Person verletzen, einschlie\u00dflich der durch Urheberrechte, Gesch\u00e4ftsgeheimnisse usw. gesch\u00fctzten Rechte. Patente oder andere geistige Eigentumsrechte oder \u00e4hnliche Gesetze oder Vorschriften, einschlie\u00dflich, aber nicht beschr\u00e4nkt auf die Installation oder Verbreitung von \u201eRaubkopien\u201c oder anderen Softwareprodukten, die nicht ordnungsgem\u00e4\u00df f\u00fcr die Nutzung durch den Kunden lizenziert sind. Der Kunde ist daf\u00fcr verantwortlich, zu bestimmen, welche Gesetze oder Vorschriften auf seine Nutzung der Dienste und Produkte anwendbar sind.<\/p>\n<p>&nbsp;<\/p>\n<h3>\nSicherheitsverpflichtung des Kunden<\/h3>\n<p>Jeder Kunde muss angemessene Sorgfalt walten lassen, um jeden Server oder jedes Netzwerkger\u00e4t, das an die Infrastruktur von Ded9 angeschlossen ist, auf dem neuesten Stand zu halten und mit den neuesten Sicherheitsupdates zu versehen. Wenn beim Schutz eines Servers keine angemessene Sorgfalt angewendet wird, kann dies zu einer Sicherheitsgef\u00e4hrdung durch externe Quellen f\u00fchren. Ded9 ist nicht f\u00fcr die Sicherheit auf Kundenserverebene verantwortlich, es sei denn, es wird ein Sicherheitsverwaltungspaket, ein Firewall-Sicherheitsverwaltungspaket oder ein vollst\u00e4ndig verwaltetes Betriebssystempaket vertraglich vereinbart und gewartet. Ein kompromittierter Server, der Netzwerkst\u00f6rungen verursacht, f\u00fchrt zu einer sofortigen Benachrichtigung des Kunden und wird sofort vom Netzwerk getrennt, um andere Kunden nicht direkt zu beeintr\u00e4chtigen. F\u00fcr Ausf\u00e4lle, die auf eine Unterbrechung der Verbindung zur\u00fcckzuf\u00fchren sind, die direkt auf eine Verletzung der Serversicherheit zur\u00fcckzuf\u00fchren ist, werden keine Servicegutschriften ausgestellt. Der Kunde tr\u00e4gt die alleinige Verantwortung f\u00fcr etwaige Sicherheitsverst\u00f6\u00dfe, die sich auf Server unter der Kontrolle des Kunden auswirken, einschlie\u00dflich der Reparatur des Systems, der K\u00fcndigung des\/der Konten des\/der missbr\u00e4uchlichen Benutzer\/s und der Meldung des Auftretens des Problems an die Missbrauchsabteilung.<\/p>\n<p>&nbsp;<\/p>\n<h3>System- und Netzwerksicherheit<\/h3>\n<p>Verst\u00f6\u00dfe gegen die System- oder Netzwerksicherheit sind strengstens untersagt und k\u00f6nnen straf- und zivilrechtliche Konsequenzen nach sich ziehen. Ded9 untersucht alle Vorf\u00e4lle im Zusammenhang mit solchen Verst\u00f6\u00dfen und wird mit den Strafverfolgungsbeh\u00f6rden zusammenarbeiten, wenn der Verdacht eines kriminellen Versto\u00dfes besteht.<\/p>\n<p>Beispiele f\u00fcr Verst\u00f6\u00dfe gegen die System- oder Netzwerksicherheit sind unter anderem die folgenden:<\/p>\n<p>Einf\u00fchrung b\u00f6sartiger Programme in das Netzwerk oder den Server (Beispiel: Viren, W\u00fcrmer, Trojanische Pferde, Keylogger und andere ausf\u00fchrbare Dateien, die Schaden anrichten sollen).<br \/>\nBewirken von Sicherheitsverletzungen oder Unterbrechungen der Internetkommunikation und\/oder -konnektivit\u00e4t. Zu den Sicherheitsverletzungen z\u00e4hlen unter anderem der Zugriff auf Daten, deren Empf\u00e4nger der Kunde nicht ist, oder die Anmeldung bei einem Server oder Konto, zu dessen Zugriff der Kunde nicht ausdr\u00fccklich berechtigt ist. F\u00fcr die Zwecke dieses Abschnitts umfasst \u201eSt\u00f6rung\u201c unter anderem Port-Scans, Flood-Pings, E-Mail-Bombing, Paket-Spoofing, IP-Spoofing und gef\u00e4lschte Routing-Informationen.<br \/>\nAusf\u00fchrung jeglicher Form von Netzwerkaktivit\u00e4t, die zum Abfangen von Daten f\u00fchrt, die nicht f\u00fcr den Server des Kunden bestimmt sind.<br \/>\nUmgehung der Benutzerauthentifizierung oder der Sicherheit eines Hosts, Netzwerks oder Kontos, einschlie\u00dflich \u201eCracking\u201c.<br \/>\nBeeintr\u00e4chtigung oder Verweigerung des Dienstes f\u00fcr einen anderen Benutzer, Host oder ein Netzwerk als den Host des Kunden (Beispiel: Denial-of-Service-Angriff oder verteilter Denial-of-Service-Angriff).<br \/>\nVerhalten, das darauf abzielt, Einschr\u00e4nkungen oder Zugriffsbeschr\u00e4nkungen f\u00fcr bestimmte Dienste, Hosts oder Netzwerke zu vermeiden, einschlie\u00dflich, aber nicht beschr\u00e4nkt auf, das F\u00e4lschen von Paket-Headern (\u201eSpoofing\u201c) oder anderen Identifikationsinformationen.<br \/>\nVerwendung von Programmskripten\/-befehlen oder Senden von Nachrichten jeglicher Art, die darauf abzielen, die Terminalsitzung eines Benutzers auf beliebige Weise, lokal oder \u00fcber das Internet, zu st\u00f6ren oder zu deaktivieren.<br \/>\nNichteinhaltung der Verfahren des Unternehmens in Bezug auf die Aktivit\u00e4ten von Kunden auf dem Gel\u00e4nde des Unternehmens. Verst\u00f6\u00dfe gegen die Richtlinie haften ohne Einschr\u00e4nkungen f\u00fcr die Arbeitskosten zur Behebung aller Sch\u00e4den, die dem Betrieb des Netzwerks und den vom Netzwerk unterst\u00fctzten Gesch\u00e4ftsabl\u00e4ufen entstehen. Diese Arbeit wird als Notfallwiederherstellung bei Sicherheitsverletzungen eingestuft und wird derzeit mit 100,00 USD pro erforderlicher Stunde berechnet. Netzwerkst\u00f6rungen durch einen Kunden, die m\u00f6glicherweise Netzwerkst\u00f6rungen bei einem anderen Kunden verursachen oder derzeit verursachen, werden sofort abgeschaltet. Kunden, die aufgrund von Netzwerkverst\u00f6\u00dfen vom Netz getrennt wurden, erhalten keine Servicegutschriften.<\/p>\n<p>&nbsp;<\/p>\n<h3>\nInternet-Etikette<\/h3>\n<p>Von jedem Kunden wird erwartet, dass er eine angemessene Internet-Etikette (Netiquette) sowie das akzeptierte Verhalten und die Erwartungen der Internet-Community einh\u00e4lt. Der Kunde wird die Regeln einhalten, die f\u00fcr jedes Netzwerk gelten, zu dem Ded9 Zugang gew\u00e4hrt. Der Kunde darf Informationen, die er vertraulich behandeln m\u00f6chte, nicht ver\u00f6ffentlichen, \u00fcbertragen oder den Internetzugriff auf diese Informationen gestatten. Dem Kunden ist es nicht gestattet, Material zu posten, das illegal, verleumderisch und unerlaubt ist, Kinder unanst\u00e4ndig darstellt oder bei beleidigten Benutzern zu Vergeltungsma\u00dfnahmen gegen Ded9 f\u00fchren k\u00f6nnte. Ded9 beh\u00e4lt sich das Recht vor, den Dienst bei Verst\u00f6\u00dfen gegen diesen Abschnitt jederzeit zu verweigern oder zu beenden. Dazu geh\u00f6rt auch die Werbung f\u00fcr Dienste oder Websites \u00fcber IRC oder USENET, die eindeutig gegen die Richtlinien des IRC-Kanals oder der USENET-Gruppe versto\u00dfen.<\/p>\n<p>&nbsp;<\/p>\n<h3>Kinderpornografie<\/h3>\n<p>Ded9 wird bei jeder strafrechtlichen Untersuchung eines Versto\u00dfes eines Kunden gegen das Kinderschutzgesetz von 1984 in Bezug auf Kinderpornografie uneingeschr\u00e4nkt kooperieren. Kunden sind letztendlich f\u00fcr die Handlungen ihrer Kunden im Ded9-Netzwerk verantwortlich und haften f\u00fcr illegales Material, das von ihren Kunden gepostet wird.<\/p>\n<p>Nach dem Kinderschutzgesetz umfasst Kinderpornografie Fotografien, Filme, Videos oder jede andere Art der visuellen Darstellung, die eine Person zeigt, die j\u00fcnger als achtzehn Jahre ist oder als solche dargestellt wird, und die eine explizite Handlung ausf\u00fchrt oder als solche dargestellt wird sexuelle Aktivit\u00e4t oder deren vorherrschendes Merkmal die Darstellung eines Sexualorgans oder der Analregion einer Person unter achtzehn Jahren zu sexuellen Zwecken oder jegliches schriftliche Material oder eine visuelle Darstellung ist, die sexuelle Aktivit\u00e4t mit a bef\u00fcrwortet oder empfiehlt Person unter achtzehn Jahren.<\/p>\n<p>Verst\u00f6\u00dfe gegen das Kinderschutzgesetz sollten der US-Zollbeh\u00f6rde unter 1-800-BEALERT gemeldet werden.<\/p>\n<p>&nbsp;<\/p>\n<h3>\nCopyright-Verletzung<\/h3>\n<p>Die Infrastruktur des Ded9-Rechenzentrums, einschlie\u00dflich Netzwerk, geleaster Hardware, Co-Location-Diensten und anderer in der Einrichtung befindlicher Hardware, darf nur f\u00fcr rechtm\u00e4\u00dfige Zwecke genutzt werden. Die \u00dcbermittlung, Verbreitung oder Speicherung von Informationen, Daten oder Materialien, die gegen die Bestimmungen der Vereinigten Staaten, der Europ\u00e4ischen Union und auf internationaler Ebene oder gegen das Gewohnheitsrecht versto\u00dfen, ist verboten. Dies umfasst unter anderem Material, das durch Urheberrechte, Marken, Gesch\u00e4ftsgeheimnisse oder andere Rechte an geistigem Eigentum gesch\u00fctzt ist; einschlie\u00dflich der Erstellung, Nutzung und Verbreitung nicht autorisierter Kopien von Software oder der Verwendung von BitTorrent oder anderen Arten von Technologien, die bei der Verbreitung illegal kopierter Materialien verwendet werden. Wenn der Kunde Software entgegen der Lizenzvereinbarung kopiert, verteilt oder installiert, verst\u00f6\u00dft der Kunde gegen das Bundesurheberrecht. Ded9 wird mit allen Strafverfolgungsbeh\u00f6rden im Zusammenhang mit mutma\u00dflichen Urheberrechtsverletzungen in unserem Rechenzentrum zusammenarbeiten.<\/p>\n<p>Wenden Sie sich an die Missbrauchsabteilung, um eine Urheberrechtsverletzung zu melden.<\/p>\n<p>&nbsp;<\/p>\n<h3>\nHosting-Richtlinie<\/h3>\n<p>Daten, die rechtswidrig sind oder gegen die Nutzungsbedingungen versto\u00dfen: Die F\u00f6rderung von Verst\u00f6\u00dfen gegen das Gesetz oder die Nutzungsbedingungen durch das Hosten von Daten, die den Versto\u00df beg\u00fcnstigen, ist verboten, einschlie\u00dflich, aber nicht beschr\u00e4nkt auf:<\/p>\n<p>Hosten von Webseiten, die die Vorgehensweise bei der Begehung rechtswidriger Handlungen oder Handlungen, die gegen diese Bedingungen versto\u00dfen, detailliert beschreiben.<br \/>\nHosten von Software, Skripten oder anderen Ressourcen, die die Begehung rechtswidriger Handlungen oder Handlungen, die gegen diese Bedingungen versto\u00dfen, erleichtern sollen.<br \/>\nWerbung, \u00dcbertragung, Speicherung oder Nutzung von Software, Skripten, Programmen, Produkten oder Diensten, die darauf abzielen, gegen diese Bedingungen zu versto\u00dfen.<br \/>\nErnte. Das Sammeln von E-Mail-Adressen, Kreditkarteninformationen oder anderen pers\u00f6nlichen Informationen f\u00fcr betr\u00fcgerische Zwecke oder den Verkauf ist verboten.<br \/>\nPhishing. Das Hosten von Webseiten mit Weiterleitungen, Skripten oder ausf\u00fchrbaren Dateien oder anderen Komponenten eines Vorgangs, der darauf abzielt, in betr\u00fcgerischer Absicht Authentifizierungs-, Kreditkarten-, Namens-, Adressen- oder andere personenbezogene Daten (\u201ePhishing\u201c) zu sammeln, ist nicht gestattet.<br \/>\nMit Spam beworbene Websites. Das Hosten von Webseiten, die durch Spam beworben werden, der von einem anderen Netzwerk gesendet wird (\u201eSpamvertised\u201c), ist nicht gestattet.<\/p>\n<p>&nbsp;<\/p>\n<h3>E-Mail-Richtlinie<\/h3>\n<p>E-Mail-Spam. Ded9 hat eine Null-Haltungs-Richtlinie zu SPAM, Junk-E-Mail oder UCE. Spam, Junk-Mail und UCE werden definiert als: das Versenden derselben oder im Wesentlichen \u00e4hnlicher unerw\u00fcnschter E-Mail-Nachrichten, ob kommerziell oder nicht, an mehr als einen Empf\u00e4nger. Eine Nachricht gilt als unaufgefordert, wenn sie unter Versto\u00df gegen eine Newsgroup-Charta ver\u00f6ffentlicht wird oder wenn sie an einen Empf\u00e4nger gesendet wird, der die Nachricht nicht angefordert oder eingeladen hat. UCE umfasst auch E-Mails mit gef\u00e4lschten Headern, kompromittierten Mailserver-Relays und falschen Kontaktinformationen. Dieses Verbot erstreckt sich auf das Versenden unerw\u00fcnschter Massenmailings von einem anderen Dienst, was in irgendeiner Weise die Verwendung von Ded9 impliziert, unabh\u00e4ngig davon, ob die Nachricht tats\u00e4chlich aus unserem Netzwerk stammt oder nicht.<\/p>\n<p>Blockentfernung. Wenn Aktionen des Kunden dazu gef\u00fchrt haben, dass Ded9-Mail-Server oder Ded9-IP-Adressbereiche auf Black-Hole-Listen und andere E-Mail-Filter-Softwaresysteme gesetzt wurden, die von Unternehmen im Internet verwendet werden, wird dem Kunden eine Geb\u00fchr von 100 US-Dollar f\u00fcr das Kundenkonto und 100 US-Dollar pro Stunde f\u00fcr Verwaltungsgeb\u00fchren in Rechnung gestellt Es entstehen Kosten f\u00fcr die Entfernung und den Schutz von Mailservern und IP-Bereichen.<\/p>\n<p>Drop-Box-Konten. Die Nutzung dieses Netzwerks f\u00fcr den Empfang von Antworten auf unerw\u00fcnschte Massen-E-Mails (Spam), die von einem Netzwerk Dritter gesendet werden, ist untersagt.<br \/>\nHeader-F\u00e4lschung: Das F\u00e4lschen von E-Mail-Headern (\u201eSpoofing\u201c) ist verboten.<br \/>\nProxy-Spamming: Spamming \u00fcber Drittanbieter-Proxys, die Zusammenstellung von Proxy-Listen oder die Installation von Proxy-Mailing-Software ist verboten.<br \/>\nWeiterleiten. Die Konfiguration eines Mailservers zur Annahme und Verarbeitung von Nachrichten Dritter zum Versenden ohne Benutzeridentifizierung und -authentifizierung ist verboten.<\/p>\n<p>Massenmailings: Der Massenversand unerw\u00fcnschter E-Mails gilt als Spam. Unerw\u00fcnschte E-Mails werden als E-Mails definiert, die an einen Empf\u00e4nger gesendet werden, der sich nicht f\u00fcr den Empfang von Mailings des Kunden entschieden hat. Absender von Massenmailings m\u00fcssen vollst\u00e4ndige und genaue Aufzeichnungen aller Opt-Ins f\u00fchren, einschlie\u00dflich der E-Mail und ihrer Kopfzeilen (falls zutreffend), und diese Aufzeichnungen Ded9 auf Anfrage zur Verf\u00fcgung stellen. Kann kein positiver und nachweisbarer Opt-In-Nachweis erbracht werden, gelten Beschwerden von Empf\u00e4ngern des Mailings als Beweis daf\u00fcr, dass sie sich nicht angemeldet haben und das Mailing unaufgefordert erfolgt.<\/p>\n<p>Mailinglisten: Die Massenmailing-Regeln von Ded9 gelten auch f\u00fcr Mailinglisten, Listenzustellungen oder vom Kunden vertraglich vereinbarte Mailingdienste. Die Richtlinie lautet wie folgt: Eine akzeptable Mailingliste richtet sich an eine Zielgruppe, die sich freiwillig \u00fcber ein Double-Opt-In-Verfahren f\u00fcr E-Mail-Informationen angemeldet hat oder die ihre E-Mail-Adresse dem Kunden zur Weitergabe zur Verf\u00fcgung gestellt hat Information. Die Liste muss auch eine automatische Entfernung durch alle Endkunden mit k\u00fcnftiger Nichtverteilung erm\u00f6glichen.<\/p>\n<p>&nbsp;<\/p>\n<h3>\nBetrugsrichtlinie<\/h3>\n<p>Durch die Zustimmung zu diesen Bedingungen best\u00e4tigt der Kunde, dass die an Ded9 \u00fcbermittelten Kontakt- und Zahlungsinformationen den Kunden identifizieren und dass der Kunde berechtigt ist, die Zahlungsmethode zu verwenden. Die Begehung von Betrug, die Inanspruchnahme von Dienstleistungen oder der Versuch, Dienstleistungen mit irgendwelchen Mitteln oder Mitteln zu erhalten, mit der Absicht, Zahlungen zu vermeiden, sind verboten.<\/p>\n<h3>\nIRC-Richtlinie<\/h3>\n<p>Ded9 erlaubt unter keinen Umst\u00e4nden den Betrieb von IRC-Servern innerhalb des Netzwerks. Wir gestatten keine eingehenden oder ausgehenden Verbindungen oder Dienste, die eine Verbindung zu IRC herstellen, Unterst\u00fctzung daf\u00fcr bereitstellen oder innerhalb von IRC betrieben werden.<\/p>\n<p>&nbsp;<\/p>\n<h3>beschr\u00e4nkte Haftung<\/h3>\n<p>Ded9 \u00dcBERNIMMT UNTER KEINEN UMST\u00c4NDEN DIE HAFTUNG F\u00dcR SPEZIELLE, FOLGESCH\u00c4DEN, ZUF\u00c4LLIGE ODER EXEMPLARISCHE SCH\u00c4DEN, DIE SICH AUS DIESER VEREINBARUNG ODER DEM PRODUKT ERGEBEN ODER IN IRGENDEINER WEISE MIT IHNEN IN ZUSAMMENHANG STEHEN, EINSCHLIESSLICH, ABER NICHT BESCHR\u00c4NKT AUF SCH\u00c4DEN F\u00dcR ENTGANGENEN GEWINN, VERLUSTE NUTZUNG, VERLORENE DATEN, Telefonrechnungen, Verlust der Privatsph\u00e4re, Sch\u00e4den an Dritten, selbst wenn der Anbieter \u00fcber die M\u00f6glichkeit solcher Sch\u00e4den informiert wurde. DIE VORSTEHENDE HAFTUNGSBESCHR\u00c4NKUNG GILT UNABH\u00c4NGIG F\u00dcR ANSPR\u00dcCHE, DIE AUF VERTRAGSGRUNDS\u00c4TZEN, GEW\u00c4HRLEISTUNG, FAHRL\u00c4SSIGKEIT ODER ANDERER HANDLUNG, VERLETZUNG GESETZLICHER PFLICHTEN, GRUNDS\u00c4TZEN DER SCHADLOSIGKEIT ODER MITTEILUNG, DEM NICHTERREICHEN DES WESENTLICHEN ZWECKS EINES BESCHR\u00c4NKTEN ODER AUSSCHLIESSLICHEN RECHTSMITTELS ODER AUS ANDEREN GRUNDS\u00c4TZEN BASIEREN . FERNER ZENSIERT DER ANBIETER KEINE INHALTE IM INTERNET. ES LIEGT IN DER VERANTWORTUNG DES KUNDEN F\u00dcR DIE NUTZUNG SEINES KONTOS UND ALLE FOLGEN DIESER NUTZUNG.<\/p>\n<p>&nbsp;<\/p>\n<h3>Abrechnung und Stornierung<\/h3>\n<p>Alle wiederkehrenden Rechnungszyklen finden jeweils am Ersten eines Monats statt. Daher m\u00fcssen alle Stornierungen vor dem Ersten eines Monats erfolgen, um zu vermeiden, dass Ihnen ein zus\u00e4tzlicher Monat in Rechnung gestellt wird.<\/p>\n<p>Stornierungen, die am oder nach dem ersten Termin erfolgen, unterliegen der Abrechnung des aktuellen Monats und sind auf eine Stornierung zum Monatsende festgelegt.<\/p>\n<p>&nbsp;<\/p>\n<h3>\nAussetzung und K\u00fcndigung<\/h3>\n<p>Ded9 wird bei der Benachrichtigung des Kunden angemessene Sorgfalt walten lassen und das Problem auf eine Weise l\u00f6sen, die zu m\u00f6glichst geringen Dienstbeeintr\u00e4chtigungen f\u00fchrt.<\/p>\n<p>Verst\u00f6\u00dfe gegen die Bedingungen haben Folgendes zur Folge:<\/p>\n<p>Eine Warnmeldung per E-Mail.<\/p>\n<p>Wenn der Versto\u00df gegen die Nutzungsbedingungen nicht innerhalb von 24 Stunden behoben wird, hat dies Folgendes zur Folge:<\/p>\n<p>Vor\u00fcbergehendes Herunterfahren des Servers<br \/>\nIP-Adressrouting auf Null<\/p>\n<p>Wiederholte Verst\u00f6\u00dfe gegen die oben genannten Bedingungen f\u00fchren zu den folgenden Ma\u00dfnahmen.<\/p>\n<p>Sofortige Unterbrechung des Dienstes ohne erneute Aktivierung.<\/p>\n","protected":false},"excerpt":{"rendered":"<p>Richtlinien zur akzeptablen Nutzung &nbsp; Dieses Dokument legt die Grunds\u00e4tze, Richtlinien und Anforderungen der Acceptable Use Policy von Ded9 fest, die die Nutzung der Dienste und Produkte von Ded9 (\u201eDienste und Produkte\u201c) durch den Kunden (\u201eKunde\u201c) regeln. Der Zweck der Richtlinien zur akzeptablen Nutzung von Ded9, im Folgenden als \u201eBedingungen\u201c bezeichnet, besteht in der Einhaltung [&hellip;]<\/p>\n","protected":false},"author":2,"featured_media":0,"parent":0,"menu_order":0,"comment_status":"closed","ping_status":"closed","template":"","meta":{"_acf_changed":false,"footnotes":""},"class_list":["post-179557","page","type-page","status-publish","hentry"],"acf":[],"amp_enabled":true,"_links":{"self":[{"href":"https:\/\/ded9.com\/de\/wp-json\/wp\/v2\/pages\/179557","targetHints":{"allow":["GET"]}}],"collection":[{"href":"https:\/\/ded9.com\/de\/wp-json\/wp\/v2\/pages"}],"about":[{"href":"https:\/\/ded9.com\/de\/wp-json\/wp\/v2\/types\/page"}],"author":[{"embeddable":true,"href":"https:\/\/ded9.com\/de\/wp-json\/wp\/v2\/users\/2"}],"replies":[{"embeddable":true,"href":"https:\/\/ded9.com\/de\/wp-json\/wp\/v2\/comments?post=179557"}],"version-history":[{"count":0,"href":"https:\/\/ded9.com\/de\/wp-json\/wp\/v2\/pages\/179557\/revisions"}],"wp:attachment":[{"href":"https:\/\/ded9.com\/de\/wp-json\/wp\/v2\/media?parent=179557"}],"curies":[{"name":"wp","href":"https:\/\/api.w.org\/{rel}","templated":true}]}}