{"id":179551,"date":"2023-07-31T18:09:11","date_gmt":"2023-07-31T18:09:11","guid":{"rendered":"https:\/\/ded9.com\/?page_id=179551"},"modified":"2023-07-31T18:09:11","modified_gmt":"2023-07-31T18:09:11","slug":"datenschutz-bestimmungen","status":"publish","type":"page","link":"https:\/\/ded9.com\/de\/datenschutz-bestimmungen\/","title":{"rendered":"Datenschutz-Bestimmungen"},"content":{"rendered":"<p>Datenschutzhinweis<\/p>\n<h3>\n1. Wichtige Informationen und wer wir sind<\/h3>\n<p>&nbsp;<\/p>\n<p>Zweck dieser Datenschutzerkl\u00e4rung<\/p>\n<p>Ded9 (\u201eVPS\u201c) hat diese Datenschutzerkl\u00e4rung erstellt, um unser festes Engagement f\u00fcr den Schutz und die Achtung Ihrer personenbezogenen Daten (Ihre \u201eInformationen\u201c) zu demonstrieren. Der Datenschutz und die Sicherheit Ihrer Daten sind uns sehr wichtig. Mit dieser Datenschutzerkl\u00e4rung m\u00f6chten wir Sie dar\u00fcber informieren, wie die Daten, die wir von Ihnen erfassen oder die Sie uns zur Verf\u00fcgung stellen, verarbeitet werden. Es soll Ihnen daher auch dabei helfen, fundierte Entscheidungen \u00fcber Ihre Nutzung unserer Website zu treffen. Bitte lesen Sie die folgenden Informationen sorgf\u00e4ltig durch, um unsere Praktiken in Bezug auf Ihre Informationen und Ihre pers\u00f6nlichen Daten zu verstehen und zu verstehen, wie wir diese bei all Ihren Interaktionen mit VPS verwenden und sch\u00fctzen.<\/p>\n<h4>\nWer wir sind<\/h4>\n<p>Wenn wir \u201eVPS\u201c oder \u201ewir\u201c, \u201euns\u201c oder \u201eunser\u201c erw\u00e4hnen, beziehen wir uns auf das jeweilige Unternehmen im DED9, das f\u00fcr die Verarbeitung Ihrer Daten verantwortlich ist. Ded9 Limited ist der Controller und verantwortlich f\u00fcr diese Website.<\/p>\n<p>Es ist wichtig, dass Sie diese Datenschutzerkl\u00e4rung zusammen mit allen anderen Datenschutzhinweisen lesen, die wir zu bestimmten Anl\u00e4ssen bereitstellen, wenn wir Ihre Daten erfassen oder verarbeiten, damit Sie vollst\u00e4ndig dar\u00fcber informiert sind, wie und warum wir Ihre Daten verwenden.<\/p>\n<h3>\n2. Welche Informationen sammeln wir?<\/h3>\n<p>&nbsp;<\/p>\n<p>Diese Website wird von DDME im Auftrag von VPS ver\u00f6ffentlicht. Weder VPS noch DDME (\u201ewir\u201c) sammeln Informationen \u00fcber Personen, die diese Website oder unsere Dienste nutzen, es sei denn, sie werden ausdr\u00fccklich und wissentlich von ihnen bereitgestellt oder wie in dieser Datenschutzerkl\u00e4rung anderweitig erl\u00e4utert.<\/p>\n<p>Wir erfassen Informationen \u00fcber Sie, die Sie uns \u00fcbermitteln, indem Sie Formulare auf unserer Website ausf\u00fcllen (einschlie\u00dflich des Formulars \u201eKontakt\u201c), ein Angebot anfordern oder einholen oder mit uns korrespondieren, sei es per Telefon, E-Mail oder auf andere Weise. Wir erfassen auch Informationen, die Sie angeben, wenn Sie sich f\u00fcr die Nutzung unserer Website registrieren, nach einem Produkt oder einer Dienstleistung suchen oder ein Problem mit unserer Website melden.<\/p>\n<p>Beispiele f\u00fcr Informationen, die Sie uns m\u00f6glicherweise zur Verf\u00fcgung stellen, sind folgende:<\/p>\n<ul>\n<li>Identit\u00e4tsdaten einschlie\u00dflich Ihres Vor- und Nachnamens<\/li>\n<li>Kontaktdaten einschlie\u00dflich Ihrer E-Mail-Adresse, Telefonnummern<\/li>\n<li>Unternehmensdaten, einschlie\u00dflich Ihres Firmennamens, Ihrer Berufsbezeichnung und Ihrer Rechnungsadresse<\/li>\n<li>Technische Daten, einschlie\u00dflich IP-Adresse, etwaige Anmeldedaten und andere Technologien, die Sie m\u00f6glicherweise f\u00fcr den Zugriff auf diese Website verwenden<\/li>\n<li>Marketing- und Kommunikationsdaten, einschlie\u00dflich Ihrer Pr\u00e4ferenzen beim Erhalt von Marketingmaterial von uns und Ihrer Kommunikationspr\u00e4ferenzen<\/li>\n<\/ul>\n<p>Es wird auch einige begrenzte Informationen geben, die wir m\u00f6glicherweise selbst \u00fcber Sie sammeln. Bei jedem Ihrer Besuche auf unserer Website erfassen wir automatisch Standard-Cookies \u2013 weitere Informationen hierzu finden Sie im Abschnitt sieben unten dieser Datenschutzerkl\u00e4rung.<\/p>\n<p>&nbsp;<\/p>\n<h3>3. Warum m\u00fcssen wir Ihre Daten sammeln und verwenden?<\/h3>\n<p>&nbsp;<\/p>\n<p>Wir m\u00fcssen Ihre Daten erfassen, um die von Ihnen angeforderten Dienstleistungen oder Produkte liefern und alle Bestellungen oder Vertr\u00e4ge erf\u00fcllen zu k\u00f6nnen, die Sie mit uns aufgeben. Wenn Sie beispielsweise die VPS-Website besuchen und ein Angebot f\u00fcr Sicherheitsdienste anfordern, m\u00fcssen wir Ihren Namen und Ihre E-Mail-Adresse verwenden, um Ihnen das angeforderte Angebot zuzusenden. Wenn Sie Dienstleistungen anfragen oder die Erbringung von Dienstleistungen annehmen, erkl\u00e4ren Sie sich damit einverstanden, dass VPS Ihre Daten zum Zwecke der Erf\u00fcllung Ihrer Anfrage und Ihres Vertrags in unserer Datenbank speichert.<\/p>\n<p>Jede andere Verarbeitung Ihrer personenbezogenen Daten erfolgt entweder mit Ihrer Einwilligung (z. B. senden wir Mitteilungen \u00fcber Sonderangebote nur an Kunden, die uns mitteilen, dass sie diese erhalten m\u00f6chten) oder weil wir gesetzlich zur Verarbeitung verpflichtet sind.<\/p>\n<h3>\n4. Wie wir Ihre Daten verwenden<\/h3>\n<p>&nbsp;<\/p>\n<p>Ihre \u00fcber unsere Websites erhobenen personenbezogenen Daten werden nur f\u00fcr die Zwecke verwendet, f\u00fcr die Sie sie uns zur Verf\u00fcgung gestellt haben. Die gesammelten Informationen werden verwendet, um:<\/p>\n<ul>\n<li>Ihnen die von Ihnen angeforderten Informationen zuzusenden und\/\u200boder uns die Bereitstellung der von Ihnen angeforderten Produkte, Waren oder Dienstleistungen zu erm\u00f6glichen<\/li>\n<li>Richten Sie Ihre Kontaktdaten in unserer Kundenverwaltungsdatenbank ein<\/li>\n<li>Erf\u00fcllen Sie die Bedingungen eines Vertrags mit Ihnen<\/li>\n<li>Wenn es f\u00fcr unsere berechtigten Interessen (oder die eines Dritten) erforderlich ist und Ihre Interessen und Grundrechte nicht Vorrang vor diesen Interessen haben<\/li>\n<li>Stellen Sie sicher, dass die Inhalte unserer Website f\u00fcr Sie so effektiv wie m\u00f6glich dargestellt werden<\/li>\n<li>Bereitstellung von Informationen, die f\u00fcr Sie n\u00fctzlich sein k\u00f6nnen, wenn Sie dem zugestimmt haben, z. B. Angebote zu Produkten, f\u00fcr die wir zuvor Angebote f\u00fcr Sie gemacht haben. Wir k\u00f6nnen Sie per E-Mail oder Telefon kontaktieren.<\/li>\n<li>Benachrichtigung \u00fcber \u00c4nderungen unserer Dienstleistungen<\/li>\n<li>Antizipieren und l\u00f6sen Sie Probleme mit allen f\u00fcr Sie bereitgestellten Diensten<\/li>\n<li>Versenden Sie Kontoausz\u00fcge, Rechnungen und Zahlungserinnerungen und kassieren Sie Zahlungen, wenn Sie einen Vertrag mit uns abschlie\u00dfen<\/li>\n<\/ul>\n<p>Wir k\u00f6nnen Ihre Informationen auch ausschlie\u00dflich zur Verwaltung unserer Website und f\u00fcr unsere eigenen internen Betriebs- und Verwaltungszwecke verwenden, einschlie\u00dflich Fehlerbehebung, Datenanalyse, Tests und als Teil unserer Bem\u00fchungen, die Sicherheit unserer Website zu gew\u00e4hrleisten. Wir k\u00f6nnen Ihre IP-Adresse auch nur zur Diagnose von Problemen mit unserem Server und zur Verwaltung unserer Website verwenden.<\/p>\n<p>&nbsp;<\/p>\n<h3>5. Wie lange bewahren wir Ihre Daten auf?<\/h3>\n<p>&nbsp;<\/p>\n<p>Wir bewahren Ihre Daten f\u00fcr die folgenden Zeitr\u00e4ume auf:<\/p>\n<ul>\n<li>Wenn wir Ihre Daten zum Zwecke einer Bestellung oder eines Vertrags speichern, den Sie bei uns aufgegeben haben, speichern wir Ihre Daten so lange, wie der Vertrag f\u00fcr die von Ihnen bei uns bestellten Waren oder Dienstleistungen besteht, und f\u00fcr einen angemessenen Zeitraum danach Wenn der Vertrag endet oder ausl\u00e4uft, stellen wir sicher, dass wir Ihre Fragen zu den von Ihnen erhaltenen Dienstleistungen weiterhin beantworten k\u00f6nnen und um etwaige rechtliche, buchhalterische oder berichtspflichtige Anforderungen zu erf\u00fcllen.<\/li>\n<li>Wenn wir Ihre Daten f\u00fcr die Zwecke eines von uns bereitgestellten Angebots oder einer Umfrage speichern, Sie aber nie eine Bestellung bei uns aufgegeben haben, werden wir Ihre Daten f\u00fcr einen angemessenen Zeitraum nach Bereitstellung des Angebots oder der Umfrage aufbewahren (falls Sie sich dazu entschlie\u00dfen). eine Bestellung bei uns aufgeben)<\/li>\n<li>Wenn wir Ihre Daten au\u00dferdem aufbewahren, weil Sie uns mitgeteilt haben, dass Sie mit dem Erhalt von Mitteilungen von VPS \u00fcber unsere Produkte und Dienstleistungen zufrieden sind, werden wir diese f\u00fcr einen angemessenen Zeitraum aufbewahren, bis Sie uns mitteilen, dass Sie diese nicht mehr erhalten m\u00f6chten diese Mitteilungen (da Sie sich jederzeit abmelden k\u00f6nnen)<\/li>\n<li>Wenn wir aufgrund einer gesetzlichen Verpflichtung Informationen \u00fcber Sie speichern, werden wir diese so lange aufbewahren, wie wir gesetzlich dazu verpflichtet sind<\/li>\n<\/ul>\n<h3>\n6. An wen geben wir Ihre Daten weiter?<\/h3>\n<p>&nbsp;<\/p>\n<p>Wir nehmen den Schutz Ihrer Privatsph\u00e4re ernst und geben Ihre Daten nur unter bestimmten Umst\u00e4nden an Dritte weiter. Wir verlangen von allen Dritten, dass sie die Sicherheit Ihrer personenbezogenen Daten respektieren und diese gesetzeskonform behandeln.<\/p>\n<p>Durch die Nutzung unserer Website erkl\u00e4ren Sie sich damit einverstanden, dass wir das Recht haben, Ihre pers\u00f6nlichen Daten an Folgendes weiterzugeben:<\/p>\n<ul>\n<li>Sorgf\u00e4ltig ausgew\u00e4hlte Lieferanten und Subunternehmer, die sich voll und ganz f\u00fcr den Schutz Ihrer Daten einsetzen (f\u00fcr die Zwecke der Erf\u00fcllung etwaiger Vertr\u00e4ge, die wir mit Ihnen schlie\u00dfen). Wir nutzen manchmal Drittanbieter, die uns bei der Erbringung von Dienstleistungen und der Erf\u00fcllung von Kundenauftr\u00e4gen unterst\u00fctzen<\/li>\n<li>Externe Supportdienste (einschlie\u00dflich aller IT-Dienstleister) zum Zweck der Bereitstellung administrativer und technischer Unterst\u00fctzung f\u00fcr VPS, einschlie\u00dflich unserer Website, um sicherzustellen, dass wir Ihre Bestellung liefern und unseren Vertrag mit Ihnen erf\u00fcllen k\u00f6nnen<\/li>\n<li>Professionelle Berater, darunter Wirtschaftspr\u00fcfer und Versicherer<\/li>\n<li>Jedes Mitglied unserer Gruppe, d. h. unsere Tochtergesellschaften, Muttergesellschaft, oberste Holdinggesellschaft und deren Tochtergesellschaften zum Zweck der Lieferung Ihrer Bestellung, der Erf\u00fcllung unseres Vertrags mit Ihnen, der Unterst\u00fctzung bei der Identifizierung von Dienstleistungen und Produkten, die f\u00fcr Sie von Interesse sein k\u00f6nnten, und der Kundenbetreuung Forschung<\/li>\n<li>Wenn wir dazu verpflichtet sind, gesetzliche oder beh\u00f6rdliche Verpflichtungen einzuhalten oder die Rechte, das Eigentum oder die Sicherheit von VPS und unseren Kunden zu sch\u00fctzen.<\/li>\n<li>Dazu geh\u00f6rt auch der Austausch von Informationen mit anderen Unternehmen und Organisationen, sofern wir gesetzlich dazu verpflichtet sind, beispielsweise zum Zwecke der Betrugspr\u00e4vention und Kreditrisikominderung<\/li>\n<\/ul>\n<p>Wir geben m\u00f6glicherweise auch anonymisierte, nicht personenbezogene Daten (einschlie\u00dflich aggregierter Statistiken und Gruppendaten) \u00fcber die Verkehrsmuster unserer Website-Besucher an Partner oder andere Dritte weiter. Wir geben keine Informationen \u00fcber identifizierbare Personen an Drittwerbetreibende auf unserer Website weiter, stellen ihnen jedoch m\u00f6glicherweise aggregierte Informationen \u00fcber unsere Benutzer zur Verf\u00fcgung. Wir verkaufen oder geben jedoch keine Informationen oder personenbezogenen Daten \u00fcber einzelne Benutzer oder identifizierbare Personen weiter.<\/p>\n<p>&nbsp;<\/p>\n<h3>7. Cookies<\/h3>\n<p>&nbsp;<\/p>\n<h4>Was sind Cookies?<\/h4>\n<p>Wie die meisten anderen kommerziellen Websites verwendet unsere Website eine Standardtechnologie namens \u201eCookies\u201c. Cookies enthalten Informationen, die auf die Festplatte Ihres Computers \u00fcbertragen werden.<\/p>\n<p>Ein \u201eCookie\u201c ist ein sehr kleines Textdokument, das h\u00e4ufig eine anonyme eindeutige Kennung enth\u00e4lt.<\/p>\n<p>Wie wir Cookies verwenden<\/p>\n<p>Wir verwenden auf unserer Website folgende Cookies:<\/p>\n<p>Beispielsweise verwenden wir Cookies, um Informationen \u00fcber den Zugriff eines Benutzers auf diese Website aufzuzeichnen. Benutzer k\u00f6nnen die Website ohne die Verwendung von Cookies betrachten, indem sie die Website verlassen, Cookies in ihrem Internetbrowser deaktivieren und die Website erneut aufrufen. Dies kann jedoch Ihren Zugriff auf diese Website oder die Funktionalit\u00e4t bestimmter Seiten innerhalb der Website einschr\u00e4nken. Durch die Nutzung dieser Website ohne Deaktivierung von Cookies erkl\u00e4ren Sie sich damit einverstanden, dass wir durch Cookies gewonnene Informationen sammeln und nutzen.<\/p>\n<p>Zu den durch Cookies und Webserverprotokolle gesammelten Informationen k\u00f6nnen das Datum und die Uhrzeit der Besuche, die aufgerufenen Seiten, die auf unserer Website verbrachte Zeit sowie die unmittelbar vor und nach unserer Website besuchten Websites geh\u00f6ren.<\/p>\n<p>Wir erfassen m\u00f6glicherweise Informationen \u00fcber Ihren Computer, einschlie\u00dflich (sofern verf\u00fcgbar) Ihrer IP-Adresse, Ihres Betriebssystems und Ihres Browsertyps, f\u00fcr Zwecke der Systemadministration und um aggregierte Informationen an Drittwerbetreibende auf unserer Website weiterzuleiten. Hierbei handelt es sich um statistische Daten \u00fcber die Browsing-Aktionen und -Muster unserer Nutzer, die keine R\u00fcckschl\u00fcsse auf einzelne Personen zulassen.<\/p>\n<p>Bitte beachten Sie, dass auch Drittwerbetreibende auf unserer Website m\u00f6glicherweise Cookies verwenden, auf die wir keinen Einfluss haben.<\/p>\n<p>&nbsp;<\/p>\n<h4>Warum verwenden wir Cookies?<\/h4>\n<p>Wenn Sie auf unserer Website surfen, verwendet die Website Cookies, um Sie von anderen Benutzern zu unterscheiden, um sicherzustellen, dass Sie nicht wiederholt denselben Inhalt sehen, um Inhalte bereitzustellen, die speziell auf Ihre Interessen zugeschnitten sind, und um Ihnen ein hervorragendes Benutzererlebnis zu bieten . Sie helfen uns, unsere Website zu verbessern und einen besseren und pers\u00f6nlicheren Service bereitzustellen. Sie ersparen Ihnen au\u00dferdem die erneute Eingabe von Informationen, wenn Sie auf unsere Website zur\u00fcckkehren.<\/p>\n<p>Cookies erm\u00f6glichen uns in Verbindung mit den Protokolldateien unseres Webservers auch, die Gesamtzahl der Personen zu berechnen, die unsere Website besuchen, und zu \u00fcberpr\u00fcfen, welche Teile der Website am beliebtesten sind. Dies hilft uns, Feedback zu sammeln, um unsere Website st\u00e4ndig zu verbessern und unsere Kunden besser zu bedienen.<\/p>\n<p>&nbsp;<\/p>\n<h3>8. Ihre Rechte in Bezug auf Ihre Daten<\/h3>\n<p>&nbsp;<\/p>\n<p>Ihre personenbezogenen Daten werden auch durch das Datenschutzgesetz von 2018, die Datenschutz-Grundverordnung (sowie alle lokalen anderen Gesetze und alle Gesetze oder Vorschriften, die diese ersetzen k\u00f6nnten) (die DSGVO) gesch\u00fctzt. VPS nimmt seine Verpflichtungen gem\u00e4\u00df der DSGVO ernst, einschlie\u00dflich der Anforderung, dass alle von uns verwendeten und verarbeiteten personenbezogenen Daten f\u00fcr einen bestimmten und legitimen Zweck erhoben werden m\u00fcssen, dass sie korrekt und auf dem neuesten Stand sind und dass wir die Sicherheit Ihrer personenbezogenen Daten gew\u00e4hrleisten m\u00fcssen gesch\u00fctzt, auch gegen unbeabsichtigten Verlust und unbefugten Zugriff.<\/p>\n<p>Dar\u00fcber hinaus haben Sie nach der DSGVO verschiedene Rechte in Bezug auf Ihre personenbezogenen Daten, darunter die folgenden:<\/p>\n<p>Sie haben das Recht, auf Ihre personenbezogenen Daten zuzugreifen, diese zu korrigieren, zu l\u00f6schen, einzuschr\u00e4nken oder der Nutzung durch VPS zu widersprechen<br \/>\nSie haben das Recht auf Daten\u00fcbertragbarkeit, das es Ihnen erm\u00f6glicht, Ihre personenbezogenen Daten f\u00fcr Ihre Zwecke \u00fcber verschiedene Dienste hinweg zu erhalten und wiederzuverwenden.<br \/>\nSie haben das Recht, Ihre Einwilligung zur Nutzung Ihrer personenbezogenen Daten durch VPS zu widerrufen.<br \/>\nSie haben auch das Recht, eine Beschwerde bei der Datenschutzbeh\u00f6rde im Vereinigten K\u00f6nigreich (dem Information Commissioner\u2019s Office\u2009) einzureichen.<\/p>\n<p>Wenn Sie eines dieser Rechte aus\u00fcben m\u00f6chten, kontaktieren Sie uns bitte unter admin@ded9.\u200bcom. M\u00f6glicherweise m\u00fcssen wir Sie um bestimmte Informationen bitten, die uns helfen, Ihre Identit\u00e4t zu best\u00e4tigen und Ihr Recht auf Zugriff auf Ihre personenbezogenen Daten (oder auf die Aus\u00fcbung anderer Rechte) sicherzustellen. Hierbei handelt es sich um eine Sicherheitsma\u00dfnahme, um sicherzustellen, dass personenbezogene Daten nicht an Personen weitergegeben werden, die kein Recht darauf haben, sie zu erhalten. Wir k\u00f6nnen Sie auch kontaktieren, um weitere Informationen zu Ihrer Anfrage anzufordern, um unsere Antwort zu beschleunigen.<\/p>\n<p>Wir versuchen, alle berechtigten Anfragen innerhalb eines Monats zu beantworten. Gelegentlich kann es l\u00e4nger als einen Monat dauern, wenn Ihre Anfrage besonders komplex ist oder Sie mehrere Anfragen gestellt haben. In diesem Fall werden wir Sie dar\u00fcber informieren und Sie \u00fcber unsere Fortschritte auf dem Laufenden halten.<\/p>\n<h3>\n9. \u00c4nderungen dieser Mitteilung<\/h3>\n<p>&nbsp;<\/p>\n<p>Wir \u00fcberpr\u00fcfen unsere Datenschutzerkl\u00e4rung regelm\u00e4\u00dfig und werden alle Aktualisierungen auf dieser Webseite ver\u00f6ffentlichen. Sie sollten diesen Hinweis regelm\u00e4\u00dfig auf Aktualisierungen \u00fcberpr\u00fcfen.<\/p>\n<p>Diese Datenschutzerkl\u00e4rung wurde zuletzt im Oktober 2021 aktualisiert.<\/p>\n<h3>\n10. Ihre Einwilligung<\/h3>\n<p>&nbsp;<\/p>\n<p>Durch die Nutzung dieser Website stimmen Sie der Erfassung und Nutzung Ihrer Daten durch uns wie in dieser Datenschutzerkl\u00e4rung beschrieben zu.<\/p>\n<p>&nbsp;<\/p>\n<h3>11. Wie wir die Sicherheit Ihrer Daten gew\u00e4hrleisten<\/h3>\n<p>&nbsp;<\/p>\n<p>Diese Website verf\u00fcgt \u00fcber strenge Sicherheitsma\u00dfnahmen, um den Verlust, Missbrauch und die \u00c4nderung der von uns kontrollierten Informationen zu verhindern.<\/p>\n<p>Wir behandeln alle von uns gespeicherten personenbezogenen Daten mit gr\u00f6\u00dfter Sorgfalt und Sicherheit. Vorbehaltlich der Bedingungen dieser Mitteilung und etwaiger Vertr\u00e4ge, die wir mit Ihnen geschlossen haben, bleiben alle Daten, die Sie uns zur Verf\u00fcgung stellen oder die wir speichern, vertraulich.<\/p>\n<p>Die von Ihnen erfassten Daten werden auf unseren sicheren Servern gespeichert. Sobald wir Ihre Daten erhalten haben, wenden wir strenge Verfahren und Sicherheitsfunktionen an, um unbefugten Zugriff zu verhindern. Wenn wir Ihnen ein Passwort gegeben haben (oder von Ihnen gew\u00e4hlt haben), das Ihnen den Zugriff auf bestimmte Teile unserer Website erm\u00f6glicht, sind Sie f\u00fcr die Geheimhaltung dieses Passworts verantwortlich.<\/p>\n<p>Leider kann die \u00dcbertragung von Informationen im Internet nie garantiert absolut sicher sein. Obwohl wir unser Bestes tun, um Ihre personenbezogenen Daten zu sch\u00fctzen, sobald wir sie auf unserer Website und unseren Servern erhalten, k\u00f6nnen wir die Sicherheit Ihrer Daten nicht garantieren, wenn sie \u00fcber das Internet auf unsere Website \u00fcbertragen werden, da es bestimmte Angelegenheiten gibt, die au\u00dferhalb des Datenschutzes liegen unserer Kontrolle (z. B. etwaige Viren, die m\u00f6glicherweise auf Ihrem Computer vorhanden sind). Die erstmalige \u00dcbermittlung Ihrer personenbezogenen Daten erfolgt daher auf Ihr eigenes Risiko. Sobald Ihre Daten jedoch auf unseren Plattformen empfangen wurden, \u00fcbernehmen wir die Verantwortung f\u00fcr deren Sicherheit, wie in dieser Datenschutzerkl\u00e4rung dargelegt.<\/p>\n<h3>\n<p>12. So k\u00f6nnen Sie sich abmelden<\/h3>\n<p>&nbsp;<\/p>\n<p>Sie haben das Recht, uns jederzeit aufzufordern, Ihre personenbezogenen Daten nicht zu verarbeiten. Wir m\u00fcssen bestimmte personenbezogene Daten verarbeiten, um eine Bestellung oder einen Vertrag, den Sie bei VPS aufgeben, erf\u00fcllen zu k\u00f6nnen (einschlie\u00dflich Ihres Namens, Ihrer E-Mail-Adresse, Ihrer Telefonnummer und Ihrer Adresse). Bitte beachten Sie daher, dass diesbez\u00fcglich keine Widerspruchsm\u00f6glichkeiten bestehen Daten haben Auswirkungen auf unsere F\u00e4higkeit, unseren Verpflichtungen Ihnen gegen\u00fcber nachzukommen.<\/p>\n<p>Von Zeit zu Zeit senden wir unseren Kunden auch Informationen \u00fcber unsere Produkte, Dienstleistungen und Sonderangebote. Wir versenden diese nur an Kunden, die zum Zeitpunkt der Anfrage auf unserer Website ausdr\u00fccklich ihre Einwilligung zum Erhalt dieser Mitteilungen erteilt haben. Sie k\u00f6nnen den Erhalt dieser Mitteilungen jederzeit abbestellen, indem Sie eine E-Mail an admin@\u200bded9.com senden oder den Link \u201eAbbestellen\u201c unten in allen E-Mails verwenden, die Sie von uns erhalten.<\/p>\n<p>Unsere Website kann von Zeit zu Zeit auch Links zu und von den Websites unserer Partnernetzwerke, Werbetreibenden und verbundenen Unternehmen enthalten. Wenn Sie einem Link zu einer dieser Websites folgen, beachten Sie bitte, dass diese Websites ihre eigenen Datenschutzrichtlinien haben und wir keine Verantwortung oder Haftung f\u00fcr diese Richtlinien \u00fcbernehmen. Bitte pr\u00fcfen Sie diese sorgf\u00e4ltig, bevor Sie personenbezogene Daten an diese Websites \u00fcbermitteln.<\/p>\n<h3>\n<p>13. VPS kontaktieren<\/h3>\n<p>&nbsp;<\/p>\n<p>Sie k\u00f6nnen uns unter folgenden Kontaktdaten erreichen:<\/p>\n","protected":false},"excerpt":{"rendered":"<p>Datenschutzhinweis 1. Wichtige Informationen und wer wir sind &nbsp; Zweck dieser Datenschutzerkl\u00e4rung Ded9 (\u201eVPS\u201c) hat diese Datenschutzerkl\u00e4rung erstellt, um unser festes Engagement f\u00fcr den Schutz und die Achtung Ihrer personenbezogenen Daten (Ihre \u201eInformationen\u201c) zu demonstrieren. Der Datenschutz und die Sicherheit Ihrer Daten sind uns sehr wichtig. Mit dieser Datenschutzerkl\u00e4rung m\u00f6chten wir Sie dar\u00fcber informieren, wie [&hellip;]<\/p>\n","protected":false},"author":2,"featured_media":0,"parent":0,"menu_order":0,"comment_status":"closed","ping_status":"closed","template":"","meta":{"_acf_changed":false,"footnotes":""},"class_list":["post-179551","page","type-page","status-publish","hentry"],"acf":[],"amp_enabled":true,"_links":{"self":[{"href":"https:\/\/ded9.com\/de\/wp-json\/wp\/v2\/pages\/179551","targetHints":{"allow":["GET"]}}],"collection":[{"href":"https:\/\/ded9.com\/de\/wp-json\/wp\/v2\/pages"}],"about":[{"href":"https:\/\/ded9.com\/de\/wp-json\/wp\/v2\/types\/page"}],"author":[{"embeddable":true,"href":"https:\/\/ded9.com\/de\/wp-json\/wp\/v2\/users\/2"}],"replies":[{"embeddable":true,"href":"https:\/\/ded9.com\/de\/wp-json\/wp\/v2\/comments?post=179551"}],"version-history":[{"count":0,"href":"https:\/\/ded9.com\/de\/wp-json\/wp\/v2\/pages\/179551\/revisions"}],"wp:attachment":[{"href":"https:\/\/ded9.com\/de\/wp-json\/wp\/v2\/media?parent=179551"}],"curies":[{"name":"wp","href":"https:\/\/api.w.org\/{rel}","templated":true}]}}