{"id":179531,"date":"2023-07-31T14:59:36","date_gmt":"2023-07-31T14:59:36","guid":{"rendered":"https:\/\/ded9.com\/?page_id=179531"},"modified":"2023-07-31T17:57:20","modified_gmt":"2023-07-31T17:57:20","slug":"legal","status":"publish","type":"page","link":"https:\/\/ded9.com\/de\/legal\/","title":{"rendered":"Legal"},"content":{"rendered":"<p>Die von Ded9 festgelegten Allgemeinen Gesch\u00e4ftsbedingungen gelten f\u00fcr alle Benutzer und Vertreter. Wenn diese Allgemeinen Gesch\u00e4ftsbedingungen nicht befolgt werden, wird das Benutzerkonto ohne R\u00fcckerstattung gek\u00fcndigt.<\/p>\n<h3>\nVirtuelle Server<\/h3>\n<p>Der Nutzerdienst wird gestoppt, wenn auf den virtuellen Servern Massen-E-Mail-Dienste, Hacking-Software, DDoS-, VPN- und Proxy-Angriffe sowie die illegale Nutzung anderer IPs installiert werden. Der Nutzer ist verpflichtet, den Ded9.com entstandenen Schaden zu ersetzen.<br \/>\nDed9 \u00fcbernimmt keine Verantwortung f\u00fcr die Verwaltung der virtuellen Server. Bei Bedarf kann der Support eine teilweise oder monatliche Wartungsgeb\u00fchr f\u00fcr den virtuellen Server erheben, die vom Nutzer zu tragen ist.<\/p>\n<p>Nicht rechtzeitig bezahlte Leistungen werden nach 24 Stunden gesperrt und nach f\u00fcnf Tagen gel\u00f6scht.<br \/>\nAlle virtuellen Server verf\u00fcgen m\u00f6glicherweise \u00fcber Backup-Speicher, aber der Benutzer ist f\u00fcr die Erstellung und Verwendung von Backups verantwortlich.<br \/>\nIm Falle eines Angriffs ist das Servicenetzwerk ohne Vorwarnung nicht erreichbar und die Sicherung und Wiederherstellung von Daten und Verbindlichkeiten ist unm\u00f6glich, selbst wenn es Berichte \u00fcber DOS und Angriffe auf interne und externe Server gibt. Der s\u00e4umige Benutzer ist f\u00fcr die gesamte Situation verantwortlich und der Schaden wird von den Justizbeh\u00f6rden verfolgt.<\/p>\n<h3>\nGeld-Zur\u00fcck-Garantie<\/h3>\n<p>Die R\u00fcckerstattung des f\u00fcr Ded9-Dienste eingezahlten Betrags kann erfolgen, wenn von unserer Seite ein Problem vorliegt und ein \u00fcberzeugender Grund vorliegt und seit der Leistungserbringung nicht mehr als 72 Stunden vergangen sind.<br \/>\nDer gew\u00fcnschte Betrag wird dem Benutzerkonto innerhalb von 4 bis 7 Werktagen gutgeschrieben. Bitte beachten Sie, dass die R\u00fcckerstattung der zur\u00fcckerstatteten Betr\u00e4ge nach Abzug der Bankabz\u00fcge erfolgt.<\/p>\n<h3>\nUnterst\u00fctzung<\/h3>\n<p>Der Support erfolgt \u00fcber Online-Chat und Ticket-Einreichungssystem<br \/>\nUnter Support versteht man nicht die Verwaltung von Nutzerdiensten, lediglich die Nichtverf\u00fcgbarkeit von Diensten oder \u00e4hnliche F\u00e4lle liegen in der Verantwortung von Ded9.<\/p>\n<h3>\nDie Regeln akzeptieren<\/h3>\n<p>Mit der Zahlung des Rechnungsbetrags oder dem Beitritt zur Website des Unternehmens akzeptiert der K\u00e4ufer die Regeln des Unternehmens und es ist keine Unterschrift des K\u00e4ufers erforderlich.<\/p>\n<h3>\nEntfernung der Verantwortung<\/h3>\n<p>Das Unternehmen Ded9 \u00fcbernimmt keine Verantwortung f\u00fcr die von Abonnenten geposteten Informationen; Daher muss der Abonnent im Bedarfsfall f\u00fcr die Nutzung der Dienste des Unternehmens Ded9 verantwortlich sein.<\/p>\n","protected":false},"excerpt":{"rendered":"<p>Die von Ded9 festgelegten Allgemeinen Gesch\u00e4ftsbedingungen gelten f\u00fcr alle Benutzer und Vertreter. Wenn diese Allgemeinen Gesch\u00e4ftsbedingungen nicht befolgt werden, wird das Benutzerkonto ohne R\u00fcckerstattung gek\u00fcndigt. Virtuelle Server Der Nutzerdienst wird gestoppt, wenn auf den virtuellen Servern Massen-E-Mail-Dienste, Hacking-Software, DDoS-, VPN- und Proxy-Angriffe sowie die illegale Nutzung anderer IPs installiert werden. Der Nutzer ist verpflichtet, den [&hellip;]<\/p>\n","protected":false},"author":2,"featured_media":0,"parent":0,"menu_order":0,"comment_status":"closed","ping_status":"closed","template":"template\/template-full-width.php","meta":{"_acf_changed":false,"footnotes":""},"class_list":["post-179531","page","type-page","status-publish","hentry"],"acf":[],"amp_enabled":false,"_links":{"self":[{"href":"https:\/\/ded9.com\/de\/wp-json\/wp\/v2\/pages\/179531","targetHints":{"allow":["GET"]}}],"collection":[{"href":"https:\/\/ded9.com\/de\/wp-json\/wp\/v2\/pages"}],"about":[{"href":"https:\/\/ded9.com\/de\/wp-json\/wp\/v2\/types\/page"}],"author":[{"embeddable":true,"href":"https:\/\/ded9.com\/de\/wp-json\/wp\/v2\/users\/2"}],"replies":[{"embeddable":true,"href":"https:\/\/ded9.com\/de\/wp-json\/wp\/v2\/comments?post=179531"}],"version-history":[{"count":0,"href":"https:\/\/ded9.com\/de\/wp-json\/wp\/v2\/pages\/179531\/revisions"}],"wp:attachment":[{"href":"https:\/\/ded9.com\/de\/wp-json\/wp\/v2\/media?parent=179531"}],"curies":[{"name":"wp","href":"https:\/\/api.w.org\/{rel}","templated":true}]}}